{"id":849,"date":"2021-05-14T12:33:16","date_gmt":"2021-05-14T12:33:16","guid":{"rendered":"https:\/\/www.ellen-tampon.ch\/?page_id=849"},"modified":"2021-05-17T06:05:12","modified_gmt":"2021-05-17T06:05:12","slug":"le-syndrome-du-choc-toxique","status":"publish","type":"page","link":"https:\/\/www.ellen-tampon.ch\/fr\/la-sante-intime-de-la-femme\/le-syndrome-du-choc-toxique\/","title":{"rendered":"LE SYNDROME DU CHOC TOXIQUE"},"content":{"rendered":"\n<p>Le syndrome du choc toxique (SCT) est une maladie infectieuse tr\u00e8s rare, mais qui doit \u00eatre prise au s\u00e9rieux, qui peut appara\u00eetre dans des cas rares, entre autre en relation avec l\u2019utilisation des tampons. Elle est caus\u00e9e par une toxine bact\u00e9rienne Staphylococcus aureus, qui appara\u00eet souvent chez l\u2019\u00eatre humain. Si cette bact\u00e9rie se trouve dans le vagin et un tampon gorg\u00e9 de liquide vaginal reste trop longtemps dans celui-ci, il est possible que la maladie du SCT puisse se d\u00e9velopper. De ce fait, lavez-vous soigneusement les mains avant d\u2019introduire un tampon et changez-le d\u00e8s qu\u2019il est rempli de liquide.<\/p>\n\n\n\n<p>Sympt\u00f4mes du SCT<br>Les sympt\u00f4mes du SCT sont de la fi\u00e8vre \u00e9lev\u00e9e, subite (&gt; 39 \u00b0C), naus\u00e9e, lassitude, rougeur de la peau, vertige, maux de gorge, douleurs musculaires, vomissement et diarrh\u00e9e. Si vous ressentez les sympt\u00f4mes ci-dessus en relation avec votre menstruation, retirez imm\u00e9diatement le tampon et consultez votre m\u00e9decin. Mentionnez les sympt\u00f4mes SCT et dites que vous avez vos menstruations. Le SCT peut \u00eatre mortel et doit de ce fait \u00eatre diagnostiqu\u00e9 et trait\u00e9 au plus vite.<\/p>\n","protected":false},"excerpt":{"rendered":"<p>Le syndrome du choc toxique (SCT) est une maladie infectieuse tr\u00e8s rare, mais qui doit \u00eatre prise au s\u00e9rieux, qui peut appara\u00eetre dans des cas rares, entre autre en relation avec l\u2019utilisation des tampons. Elle est caus\u00e9e par une toxine bact\u00e9rienne Staphylococcus aureus, qui appara\u00eet souvent chez l\u2019\u00eatre humain. Si cette bact\u00e9rie se trouve dans [&hellip;]<\/p>\n","protected":false},"author":1,"featured_media":0,"parent":685,"menu_order":0,"comment_status":"closed","ping_status":"closed","template":"","meta":{"_acf_changed":false,"footnotes":""},"class_list":["post-849","page","type-page","status-publish","hentry"],"acf":[],"yoast_head":"<!-- This site is optimized with the Yoast SEO plugin v24.1 - https:\/\/yoast.com\/wordpress\/plugins\/seo\/ -->\n<title>LE SYNDROME DU CHOC TOXIQUE | ellen-tampon.ch<\/title>\n<meta name=\"robots\" content=\"index, follow, max-snippet:-1, max-image-preview:large, max-video-preview:-1\" \/>\n<link rel=\"canonical\" href=\"https:\/\/www.ellen-tampon.ch\/fr\/la-sante-intime-de-la-femme\/le-syndrome-du-choc-toxique\/\" \/>\n<meta property=\"og:locale\" content=\"fr_FR\" \/>\n<meta property=\"og:type\" content=\"article\" \/>\n<meta property=\"og:title\" content=\"LE SYNDROME DU CHOC TOXIQUE | ellen-tampon.ch\" \/>\n<meta property=\"og:description\" content=\"Le syndrome du choc toxique (SCT) est une maladie infectieuse tr\u00e8s rare, mais qui doit \u00eatre prise au s\u00e9rieux, qui peut appara\u00eetre dans des cas rares, entre autre en relation avec l\u2019utilisation des tampons. Elle est caus\u00e9e par une toxine bact\u00e9rienne Staphylococcus aureus, qui appara\u00eet souvent chez l\u2019\u00eatre humain. Si cette bact\u00e9rie se trouve dans [&hellip;]\" \/>\n<meta property=\"og:url\" content=\"https:\/\/www.ellen-tampon.ch\/fr\/la-sante-intime-de-la-femme\/le-syndrome-du-choc-toxique\/\" \/>\n<meta property=\"og:site_name\" content=\"ellen-tampon.ch\" \/>\n<meta property=\"article:modified_time\" content=\"2021-05-17T06:05:12+00:00\" \/>\n<meta name=\"twitter:card\" content=\"summary_large_image\" \/>\n<meta name=\"twitter:label1\" content=\"Dur\u00e9e de lecture estim\u00e9e\" \/>\n\t<meta name=\"twitter:data1\" content=\"1 minute\" \/>\n<script type=\"application\/ld+json\" class=\"yoast-schema-graph\">{\"@context\":\"https:\/\/schema.org\",\"@graph\":[{\"@type\":\"WebPage\",\"@id\":\"https:\/\/www.ellen-tampon.ch\/fr\/la-sante-intime-de-la-femme\/le-syndrome-du-choc-toxique\/\",\"url\":\"https:\/\/www.ellen-tampon.ch\/fr\/la-sante-intime-de-la-femme\/le-syndrome-du-choc-toxique\/\",\"name\":\"LE SYNDROME DU CHOC TOXIQUE | ellen-tampon.ch\",\"isPartOf\":{\"@id\":\"https:\/\/www.ellen-tampon.ch\/#website\"},\"datePublished\":\"2021-05-14T12:33:16+00:00\",\"dateModified\":\"2021-05-17T06:05:12+00:00\",\"breadcrumb\":{\"@id\":\"https:\/\/www.ellen-tampon.ch\/fr\/la-sante-intime-de-la-femme\/le-syndrome-du-choc-toxique\/#breadcrumb\"},\"inLanguage\":\"fr-FR\",\"potentialAction\":[{\"@type\":\"ReadAction\",\"target\":[\"https:\/\/www.ellen-tampon.ch\/fr\/la-sante-intime-de-la-femme\/le-syndrome-du-choc-toxique\/\"]}]},{\"@type\":\"BreadcrumbList\",\"@id\":\"https:\/\/www.ellen-tampon.ch\/fr\/la-sante-intime-de-la-femme\/le-syndrome-du-choc-toxique\/#breadcrumb\",\"itemListElement\":[{\"@type\":\"ListItem\",\"position\":1,\"name\":\"Startseite\",\"item\":\"https:\/\/www.ellen-tampon.ch\/fr\/\"},{\"@type\":\"ListItem\",\"position\":2,\"name\":\"LA SANT\u00c9 INTIME DE LA FEMME\",\"item\":\"https:\/\/www.ellen-tampon.ch\/fr\/la-sante-intime-de-la-femme\/\"},{\"@type\":\"ListItem\",\"position\":3,\"name\":\"LE SYNDROME DU CHOC TOXIQUE\"}]},{\"@type\":\"WebSite\",\"@id\":\"https:\/\/www.ellen-tampon.ch\/#website\",\"url\":\"https:\/\/www.ellen-tampon.ch\/\",\"name\":\"ellen-tampon.ch\",\"description\":\"Tampon mit nat\u00fcrlichen Milchs\u00e4urebakterien\",\"potentialAction\":[{\"@type\":\"SearchAction\",\"target\":{\"@type\":\"EntryPoint\",\"urlTemplate\":\"https:\/\/www.ellen-tampon.ch\/?s={search_term_string}\"},\"query-input\":{\"@type\":\"PropertyValueSpecification\",\"valueRequired\":true,\"valueName\":\"search_term_string\"}}],\"inLanguage\":\"fr-FR\"}]}<\/script>\n<!-- \/ Yoast SEO plugin. -->","yoast_head_json":{"title":"LE SYNDROME DU CHOC TOXIQUE | ellen-tampon.ch","robots":{"index":"index","follow":"follow","max-snippet":"max-snippet:-1","max-image-preview":"max-image-preview:large","max-video-preview":"max-video-preview:-1"},"canonical":"https:\/\/www.ellen-tampon.ch\/fr\/la-sante-intime-de-la-femme\/le-syndrome-du-choc-toxique\/","og_locale":"fr_FR","og_type":"article","og_title":"LE SYNDROME DU CHOC TOXIQUE | ellen-tampon.ch","og_description":"Le syndrome du choc toxique (SCT) est une maladie infectieuse tr\u00e8s rare, mais qui doit \u00eatre prise au s\u00e9rieux, qui peut appara\u00eetre dans des cas rares, entre autre en relation avec l\u2019utilisation des tampons. Elle est caus\u00e9e par une toxine bact\u00e9rienne Staphylococcus aureus, qui appara\u00eet souvent chez l\u2019\u00eatre humain. Si cette bact\u00e9rie se trouve dans [&hellip;]","og_url":"https:\/\/www.ellen-tampon.ch\/fr\/la-sante-intime-de-la-femme\/le-syndrome-du-choc-toxique\/","og_site_name":"ellen-tampon.ch","article_modified_time":"2021-05-17T06:05:12+00:00","twitter_card":"summary_large_image","twitter_misc":{"Dur\u00e9e de lecture estim\u00e9e":"1 minute"},"schema":{"@context":"https:\/\/schema.org","@graph":[{"@type":"WebPage","@id":"https:\/\/www.ellen-tampon.ch\/fr\/la-sante-intime-de-la-femme\/le-syndrome-du-choc-toxique\/","url":"https:\/\/www.ellen-tampon.ch\/fr\/la-sante-intime-de-la-femme\/le-syndrome-du-choc-toxique\/","name":"LE SYNDROME DU CHOC TOXIQUE | ellen-tampon.ch","isPartOf":{"@id":"https:\/\/www.ellen-tampon.ch\/#website"},"datePublished":"2021-05-14T12:33:16+00:00","dateModified":"2021-05-17T06:05:12+00:00","breadcrumb":{"@id":"https:\/\/www.ellen-tampon.ch\/fr\/la-sante-intime-de-la-femme\/le-syndrome-du-choc-toxique\/#breadcrumb"},"inLanguage":"fr-FR","potentialAction":[{"@type":"ReadAction","target":["https:\/\/www.ellen-tampon.ch\/fr\/la-sante-intime-de-la-femme\/le-syndrome-du-choc-toxique\/"]}]},{"@type":"BreadcrumbList","@id":"https:\/\/www.ellen-tampon.ch\/fr\/la-sante-intime-de-la-femme\/le-syndrome-du-choc-toxique\/#breadcrumb","itemListElement":[{"@type":"ListItem","position":1,"name":"Startseite","item":"https:\/\/www.ellen-tampon.ch\/fr\/"},{"@type":"ListItem","position":2,"name":"LA SANT\u00c9 INTIME DE LA FEMME","item":"https:\/\/www.ellen-tampon.ch\/fr\/la-sante-intime-de-la-femme\/"},{"@type":"ListItem","position":3,"name":"LE SYNDROME DU CHOC TOXIQUE"}]},{"@type":"WebSite","@id":"https:\/\/www.ellen-tampon.ch\/#website","url":"https:\/\/www.ellen-tampon.ch\/","name":"ellen-tampon.ch","description":"Tampon mit nat\u00fcrlichen Milchs\u00e4urebakterien","potentialAction":[{"@type":"SearchAction","target":{"@type":"EntryPoint","urlTemplate":"https:\/\/www.ellen-tampon.ch\/?s={search_term_string}"},"query-input":{"@type":"PropertyValueSpecification","valueRequired":true,"valueName":"search_term_string"}}],"inLanguage":"fr-FR"}]}},"_links":{"self":[{"href":"https:\/\/www.ellen-tampon.ch\/fr\/wp-json\/wp\/v2\/pages\/849","targetHints":{"allow":["GET"]}}],"collection":[{"href":"https:\/\/www.ellen-tampon.ch\/fr\/wp-json\/wp\/v2\/pages"}],"about":[{"href":"https:\/\/www.ellen-tampon.ch\/fr\/wp-json\/wp\/v2\/types\/page"}],"author":[{"embeddable":true,"href":"https:\/\/www.ellen-tampon.ch\/fr\/wp-json\/wp\/v2\/users\/1"}],"replies":[{"embeddable":true,"href":"https:\/\/www.ellen-tampon.ch\/fr\/wp-json\/wp\/v2\/comments?post=849"}],"version-history":[{"count":2,"href":"https:\/\/www.ellen-tampon.ch\/fr\/wp-json\/wp\/v2\/pages\/849\/revisions"}],"predecessor-version":[{"id":1067,"href":"https:\/\/www.ellen-tampon.ch\/fr\/wp-json\/wp\/v2\/pages\/849\/revisions\/1067"}],"up":[{"embeddable":true,"href":"https:\/\/www.ellen-tampon.ch\/fr\/wp-json\/wp\/v2\/pages\/685"}],"wp:attachment":[{"href":"https:\/\/www.ellen-tampon.ch\/fr\/wp-json\/wp\/v2\/media?parent=849"}],"curies":[{"name":"wp","href":"https:\/\/api.w.org\/{rel}","templated":true}]}}