{"id":844,"date":"2021-05-14T12:31:41","date_gmt":"2021-05-14T12:31:41","guid":{"rendered":"https:\/\/www.ellen-tampon.ch\/?page_id=844"},"modified":"2021-05-17T06:12:14","modified_gmt":"2021-05-17T06:12:14","slug":"la-prevention","status":"publish","type":"page","link":"https:\/\/www.ellen-tampon.ch\/fr\/la-sante-intime-de-la-femme\/valeur-ph-dans-le-vagin\/la-prevention\/","title":{"rendered":"LA PR\u00c9VENTION EST LA MEILLEURE PROTECTION"},"content":{"rendered":"\n<p>Prenez soin de votre flore vaginale pour qu\u2019elle ne se d\u00e9stabilise pas, c\u2019est la meilleure protection contre les infections \u00e9ventuelles. Comment s\u2019y prendre ? Suivez simplement notre check liste de pr\u00e9vention:<\/p>\n\n\n\n<ul class=\"wp-block-list\"><li>Utilisez \u00e0 chaque menstruation les tampons ellen<sup>\u00ae<\/sup>&nbsp;Probiotic Tampon&nbsp;avec les lactobacilles propres \u00e0 l\u2019organisme incorpor\u00e9s. De cette mani\u00e8re vous gardez une flore vaginale saine et un milieu vaginal l\u00e9g\u00e8rement acide.<\/li><li>N\u2019exag\u00e9rez pas dans vos soins intimes. Trop de savon ou m\u00eame de douches vaginales troublent la d\u00e9licate flore vaginale. Utilisez uniquement de l\u2019eau ou une lotion lavante avec une valeur pH basse ou neutre.<\/li><li>Changez r\u00e9guli\u00e8rement vos lavettes et serviettes de soins intimes.<\/li><li>Portez des sous-v\u00eatements en coton, poreux, qui peuvent \u00eatre lav\u00e9s \u00e0 haute temp\u00e9rature, changez-les tous les jours.<\/li><li>Gr\u00e2ce \u00e0 l\u2019indicateur confortable&nbsp;<a href=\"https:\/\/www.ellen-tampon.ch\/fr\/produkte\/ellen-ph-control\/\">pH-Control<sup>\u00ae<\/sup><\/a>&nbsp;que vous trouvez dans votre pharmacie, vous avez la possibilit\u00e9 de contr\u00f4ler facilement les valeurs pH dans votre vagin. Avec le&nbsp;<a href=\"https:\/\/www.ellen-tampon.ch\/fr\/produkte\/ellen-ph-control\/\">pH-Control<sup>\u00ae<\/sup><\/a>&nbsp;les \u00e9carts de la valeur du pH seront tout de suite d\u00e9tect\u00e9s et des mesures ad\u00e9quates peuvent \u00eatre prises afin de redonner l\u2019\u00e9quilibre \u00e0 la flore vaginale.<\/li><\/ul>\n","protected":false},"excerpt":{"rendered":"<p>Prenez soin de votre flore vaginale pour qu\u2019elle ne se d\u00e9stabilise pas, c\u2019est la meilleure protection contre les infections \u00e9ventuelles. Comment s\u2019y prendre ? Suivez simplement notre check liste de pr\u00e9vention: Utilisez \u00e0 chaque menstruation les tampons ellen\u00ae&nbsp;Probiotic Tampon&nbsp;avec les lactobacilles propres \u00e0 l\u2019organisme incorpor\u00e9s. De cette mani\u00e8re vous gardez une flore vaginale saine et [&hellip;]<\/p>\n","protected":false},"author":1,"featured_media":0,"parent":822,"menu_order":0,"comment_status":"closed","ping_status":"closed","template":"","meta":{"_acf_changed":false,"footnotes":""},"class_list":["post-844","page","type-page","status-publish","hentry"],"acf":[],"yoast_head":"<!-- This site is optimized with the Yoast SEO plugin v24.1 - https:\/\/yoast.com\/wordpress\/plugins\/seo\/ -->\n<title>LA PR\u00c9VENTION EST LA MEILLEURE PROTECTION | ellen-tampon.ch<\/title>\n<meta name=\"robots\" content=\"index, follow, max-snippet:-1, max-image-preview:large, max-video-preview:-1\" \/>\n<link rel=\"canonical\" href=\"https:\/\/www.ellen-tampon.ch\/fr\/la-sante-intime-de-la-femme\/valeur-ph-dans-le-vagin\/la-prevention\/\" \/>\n<meta property=\"og:locale\" content=\"fr_FR\" \/>\n<meta property=\"og:type\" content=\"article\" \/>\n<meta property=\"og:title\" content=\"LA PR\u00c9VENTION EST LA MEILLEURE PROTECTION | ellen-tampon.ch\" \/>\n<meta property=\"og:description\" content=\"Prenez soin de votre flore vaginale pour qu\u2019elle ne se d\u00e9stabilise pas, c\u2019est la meilleure protection contre les infections \u00e9ventuelles. Comment s\u2019y prendre ? Suivez simplement notre check liste de pr\u00e9vention: Utilisez \u00e0 chaque menstruation les tampons ellen\u00ae&nbsp;Probiotic Tampon&nbsp;avec les lactobacilles propres \u00e0 l\u2019organisme incorpor\u00e9s. De cette mani\u00e8re vous gardez une flore vaginale saine et [&hellip;]\" \/>\n<meta property=\"og:url\" content=\"https:\/\/www.ellen-tampon.ch\/fr\/la-sante-intime-de-la-femme\/valeur-ph-dans-le-vagin\/la-prevention\/\" \/>\n<meta property=\"og:site_name\" content=\"ellen-tampon.ch\" \/>\n<meta property=\"article:modified_time\" content=\"2021-05-17T06:12:14+00:00\" \/>\n<meta name=\"twitter:card\" content=\"summary_large_image\" \/>\n<meta name=\"twitter:label1\" content=\"Dur\u00e9e de lecture estim\u00e9e\" \/>\n\t<meta name=\"twitter:data1\" content=\"1 minute\" \/>\n<script type=\"application\/ld+json\" class=\"yoast-schema-graph\">{\"@context\":\"https:\/\/schema.org\",\"@graph\":[{\"@type\":\"WebPage\",\"@id\":\"https:\/\/www.ellen-tampon.ch\/fr\/la-sante-intime-de-la-femme\/valeur-ph-dans-le-vagin\/la-prevention\/\",\"url\":\"https:\/\/www.ellen-tampon.ch\/fr\/la-sante-intime-de-la-femme\/valeur-ph-dans-le-vagin\/la-prevention\/\",\"name\":\"LA PR\u00c9VENTION EST LA MEILLEURE PROTECTION | ellen-tampon.ch\",\"isPartOf\":{\"@id\":\"https:\/\/www.ellen-tampon.ch\/#website\"},\"datePublished\":\"2021-05-14T12:31:41+00:00\",\"dateModified\":\"2021-05-17T06:12:14+00:00\",\"breadcrumb\":{\"@id\":\"https:\/\/www.ellen-tampon.ch\/fr\/la-sante-intime-de-la-femme\/valeur-ph-dans-le-vagin\/la-prevention\/#breadcrumb\"},\"inLanguage\":\"fr-FR\",\"potentialAction\":[{\"@type\":\"ReadAction\",\"target\":[\"https:\/\/www.ellen-tampon.ch\/fr\/la-sante-intime-de-la-femme\/valeur-ph-dans-le-vagin\/la-prevention\/\"]}]},{\"@type\":\"BreadcrumbList\",\"@id\":\"https:\/\/www.ellen-tampon.ch\/fr\/la-sante-intime-de-la-femme\/valeur-ph-dans-le-vagin\/la-prevention\/#breadcrumb\",\"itemListElement\":[{\"@type\":\"ListItem\",\"position\":1,\"name\":\"Startseite\",\"item\":\"https:\/\/www.ellen-tampon.ch\/fr\/\"},{\"@type\":\"ListItem\",\"position\":2,\"name\":\"LA SANT\u00c9 INTIME DE LA FEMME\",\"item\":\"https:\/\/www.ellen-tampon.ch\/fr\/la-sante-intime-de-la-femme\/\"},{\"@type\":\"ListItem\",\"position\":3,\"name\":\"VALEUR PH DANS LE VAGIN\",\"item\":\"https:\/\/www.ellen-tampon.ch\/fr\/la-sante-intime-de-la-femme\/valeur-ph-dans-le-vagin\/\"},{\"@type\":\"ListItem\",\"position\":4,\"name\":\"LA PR\u00c9VENTION EST LA MEILLEURE PROTECTION\"}]},{\"@type\":\"WebSite\",\"@id\":\"https:\/\/www.ellen-tampon.ch\/#website\",\"url\":\"https:\/\/www.ellen-tampon.ch\/\",\"name\":\"ellen-tampon.ch\",\"description\":\"Tampon mit nat\u00fcrlichen Milchs\u00e4urebakterien\",\"potentialAction\":[{\"@type\":\"SearchAction\",\"target\":{\"@type\":\"EntryPoint\",\"urlTemplate\":\"https:\/\/www.ellen-tampon.ch\/?s={search_term_string}\"},\"query-input\":{\"@type\":\"PropertyValueSpecification\",\"valueRequired\":true,\"valueName\":\"search_term_string\"}}],\"inLanguage\":\"fr-FR\"}]}<\/script>\n<!-- \/ Yoast SEO plugin. -->","yoast_head_json":{"title":"LA PR\u00c9VENTION EST LA MEILLEURE PROTECTION | ellen-tampon.ch","robots":{"index":"index","follow":"follow","max-snippet":"max-snippet:-1","max-image-preview":"max-image-preview:large","max-video-preview":"max-video-preview:-1"},"canonical":"https:\/\/www.ellen-tampon.ch\/fr\/la-sante-intime-de-la-femme\/valeur-ph-dans-le-vagin\/la-prevention\/","og_locale":"fr_FR","og_type":"article","og_title":"LA PR\u00c9VENTION EST LA MEILLEURE PROTECTION | ellen-tampon.ch","og_description":"Prenez soin de votre flore vaginale pour qu\u2019elle ne se d\u00e9stabilise pas, c\u2019est la meilleure protection contre les infections \u00e9ventuelles. Comment s\u2019y prendre ? Suivez simplement notre check liste de pr\u00e9vention: Utilisez \u00e0 chaque menstruation les tampons ellen\u00ae&nbsp;Probiotic Tampon&nbsp;avec les lactobacilles propres \u00e0 l\u2019organisme incorpor\u00e9s. De cette mani\u00e8re vous gardez une flore vaginale saine et [&hellip;]","og_url":"https:\/\/www.ellen-tampon.ch\/fr\/la-sante-intime-de-la-femme\/valeur-ph-dans-le-vagin\/la-prevention\/","og_site_name":"ellen-tampon.ch","article_modified_time":"2021-05-17T06:12:14+00:00","twitter_card":"summary_large_image","twitter_misc":{"Dur\u00e9e de lecture estim\u00e9e":"1 minute"},"schema":{"@context":"https:\/\/schema.org","@graph":[{"@type":"WebPage","@id":"https:\/\/www.ellen-tampon.ch\/fr\/la-sante-intime-de-la-femme\/valeur-ph-dans-le-vagin\/la-prevention\/","url":"https:\/\/www.ellen-tampon.ch\/fr\/la-sante-intime-de-la-femme\/valeur-ph-dans-le-vagin\/la-prevention\/","name":"LA PR\u00c9VENTION EST LA MEILLEURE PROTECTION | ellen-tampon.ch","isPartOf":{"@id":"https:\/\/www.ellen-tampon.ch\/#website"},"datePublished":"2021-05-14T12:31:41+00:00","dateModified":"2021-05-17T06:12:14+00:00","breadcrumb":{"@id":"https:\/\/www.ellen-tampon.ch\/fr\/la-sante-intime-de-la-femme\/valeur-ph-dans-le-vagin\/la-prevention\/#breadcrumb"},"inLanguage":"fr-FR","potentialAction":[{"@type":"ReadAction","target":["https:\/\/www.ellen-tampon.ch\/fr\/la-sante-intime-de-la-femme\/valeur-ph-dans-le-vagin\/la-prevention\/"]}]},{"@type":"BreadcrumbList","@id":"https:\/\/www.ellen-tampon.ch\/fr\/la-sante-intime-de-la-femme\/valeur-ph-dans-le-vagin\/la-prevention\/#breadcrumb","itemListElement":[{"@type":"ListItem","position":1,"name":"Startseite","item":"https:\/\/www.ellen-tampon.ch\/fr\/"},{"@type":"ListItem","position":2,"name":"LA SANT\u00c9 INTIME DE LA FEMME","item":"https:\/\/www.ellen-tampon.ch\/fr\/la-sante-intime-de-la-femme\/"},{"@type":"ListItem","position":3,"name":"VALEUR PH DANS LE VAGIN","item":"https:\/\/www.ellen-tampon.ch\/fr\/la-sante-intime-de-la-femme\/valeur-ph-dans-le-vagin\/"},{"@type":"ListItem","position":4,"name":"LA PR\u00c9VENTION EST LA MEILLEURE PROTECTION"}]},{"@type":"WebSite","@id":"https:\/\/www.ellen-tampon.ch\/#website","url":"https:\/\/www.ellen-tampon.ch\/","name":"ellen-tampon.ch","description":"Tampon mit nat\u00fcrlichen Milchs\u00e4urebakterien","potentialAction":[{"@type":"SearchAction","target":{"@type":"EntryPoint","urlTemplate":"https:\/\/www.ellen-tampon.ch\/?s={search_term_string}"},"query-input":{"@type":"PropertyValueSpecification","valueRequired":true,"valueName":"search_term_string"}}],"inLanguage":"fr-FR"}]}},"_links":{"self":[{"href":"https:\/\/www.ellen-tampon.ch\/fr\/wp-json\/wp\/v2\/pages\/844","targetHints":{"allow":["GET"]}}],"collection":[{"href":"https:\/\/www.ellen-tampon.ch\/fr\/wp-json\/wp\/v2\/pages"}],"about":[{"href":"https:\/\/www.ellen-tampon.ch\/fr\/wp-json\/wp\/v2\/types\/page"}],"author":[{"embeddable":true,"href":"https:\/\/www.ellen-tampon.ch\/fr\/wp-json\/wp\/v2\/users\/1"}],"replies":[{"embeddable":true,"href":"https:\/\/www.ellen-tampon.ch\/fr\/wp-json\/wp\/v2\/comments?post=844"}],"version-history":[{"count":5,"href":"https:\/\/www.ellen-tampon.ch\/fr\/wp-json\/wp\/v2\/pages\/844\/revisions"}],"predecessor-version":[{"id":1074,"href":"https:\/\/www.ellen-tampon.ch\/fr\/wp-json\/wp\/v2\/pages\/844\/revisions\/1074"}],"up":[{"embeddable":true,"href":"https:\/\/www.ellen-tampon.ch\/fr\/wp-json\/wp\/v2\/pages\/822"}],"wp:attachment":[{"href":"https:\/\/www.ellen-tampon.ch\/fr\/wp-json\/wp\/v2\/media?parent=844"}],"curies":[{"name":"wp","href":"https:\/\/api.w.org\/{rel}","templated":true}]}}