{"id":839,"date":"2021-05-14T12:29:38","date_gmt":"2021-05-14T12:29:38","guid":{"rendered":"https:\/\/www.ellen-tampon.ch\/?page_id=839"},"modified":"2021-05-17T06:10:42","modified_gmt":"2021-05-17T06:10:42","slug":"vaginose-bacterienne","status":"publish","type":"page","link":"https:\/\/www.ellen-tampon.ch\/fr\/la-sante-intime-de-la-femme\/valeur-ph-dans-le-vagin\/vaginose-bacterienne\/","title":{"rendered":"VAGINOSE BACTERIENNE : DYSFONCTIONNEMENT DE LA FLORE VAGINALE"},"content":{"rendered":"\n<p>La vaginose bact\u00e9rienne est la suite la plus r\u00e9pandue d\u2019un d\u00e9s\u00e9quilibre bact\u00e9rien dans le vagin chez les femmes en \u00e2ge de procr\u00e9ation. Une augmentation massive de germes fait suite \u00e0 ce d\u00e9s\u00e9quilibre. Les lactobacilles naturels et sains seront envahis et \u00e9limin\u00e9s. Il ne s\u2019agit pas d\u2019un seul agent pathog\u00e8ne proprement dit, mais d\u2019une multitude de bact\u00e9ries qui peuvent \u00eatre \u00e0 l\u2019origine de la vaginose bact\u00e9rienne.<\/p>\n\n\n\n<p>Sympt\u00f4mes:<br>Les sympt\u00f4mes d\u2019une vaginose bact\u00e9rienne peuvent pr\u00e9senter un caract\u00e8re tr\u00e8s diff\u00e9rent. Les d\u00e9mangeaisons et br\u00fblures sont fr\u00e9quentes de m\u00eame qu\u2019un \u00e9coulement souvent gris blanc, parfois avec en plus une odeur d\u00e9sagr\u00e9able. La valeur pH du vagin est souvent plus \u00e9lev\u00e9e que 4,5. Tr\u00e8s souvent les infections urinaires vont de paire avec la vaginose bact\u00e9rienne.<\/p>\n","protected":false},"excerpt":{"rendered":"<p>La vaginose bact\u00e9rienne est la suite la plus r\u00e9pandue d\u2019un d\u00e9s\u00e9quilibre bact\u00e9rien dans le vagin chez les femmes en \u00e2ge de procr\u00e9ation. Une augmentation massive de germes fait suite \u00e0 ce d\u00e9s\u00e9quilibre. Les lactobacilles naturels et sains seront envahis et \u00e9limin\u00e9s. Il ne s\u2019agit pas d\u2019un seul agent pathog\u00e8ne proprement dit, mais d\u2019une multitude de [&hellip;]<\/p>\n","protected":false},"author":1,"featured_media":0,"parent":822,"menu_order":0,"comment_status":"closed","ping_status":"closed","template":"","meta":{"_acf_changed":false,"footnotes":""},"class_list":["post-839","page","type-page","status-publish","hentry"],"acf":[],"yoast_head":"<!-- This site is optimized with the Yoast SEO plugin v24.1 - https:\/\/yoast.com\/wordpress\/plugins\/seo\/ -->\n<title>VAGINOSE BACTERIENNE : DYSFONCTIONNEMENT DE LA FLORE VAGINALE | ellen-tampon.ch<\/title>\n<meta name=\"robots\" content=\"index, follow, max-snippet:-1, max-image-preview:large, max-video-preview:-1\" \/>\n<link rel=\"canonical\" href=\"https:\/\/www.ellen-tampon.ch\/fr\/la-sante-intime-de-la-femme\/valeur-ph-dans-le-vagin\/vaginose-bacterienne\/\" \/>\n<meta property=\"og:locale\" content=\"fr_FR\" \/>\n<meta property=\"og:type\" content=\"article\" \/>\n<meta property=\"og:title\" content=\"VAGINOSE BACTERIENNE : DYSFONCTIONNEMENT DE LA FLORE VAGINALE | ellen-tampon.ch\" \/>\n<meta property=\"og:description\" content=\"La vaginose bact\u00e9rienne est la suite la plus r\u00e9pandue d\u2019un d\u00e9s\u00e9quilibre bact\u00e9rien dans le vagin chez les femmes en \u00e2ge de procr\u00e9ation. Une augmentation massive de germes fait suite \u00e0 ce d\u00e9s\u00e9quilibre. Les lactobacilles naturels et sains seront envahis et \u00e9limin\u00e9s. Il ne s\u2019agit pas d\u2019un seul agent pathog\u00e8ne proprement dit, mais d\u2019une multitude de [&hellip;]\" \/>\n<meta property=\"og:url\" content=\"https:\/\/www.ellen-tampon.ch\/fr\/la-sante-intime-de-la-femme\/valeur-ph-dans-le-vagin\/vaginose-bacterienne\/\" \/>\n<meta property=\"og:site_name\" content=\"ellen-tampon.ch\" \/>\n<meta property=\"article:modified_time\" content=\"2021-05-17T06:10:42+00:00\" \/>\n<meta name=\"twitter:card\" content=\"summary_large_image\" \/>\n<meta name=\"twitter:label1\" content=\"Dur\u00e9e de lecture estim\u00e9e\" \/>\n\t<meta name=\"twitter:data1\" content=\"1 minute\" \/>\n<script type=\"application\/ld+json\" class=\"yoast-schema-graph\">{\"@context\":\"https:\/\/schema.org\",\"@graph\":[{\"@type\":\"WebPage\",\"@id\":\"https:\/\/www.ellen-tampon.ch\/fr\/la-sante-intime-de-la-femme\/valeur-ph-dans-le-vagin\/vaginose-bacterienne\/\",\"url\":\"https:\/\/www.ellen-tampon.ch\/fr\/la-sante-intime-de-la-femme\/valeur-ph-dans-le-vagin\/vaginose-bacterienne\/\",\"name\":\"VAGINOSE BACTERIENNE : DYSFONCTIONNEMENT DE LA FLORE VAGINALE | ellen-tampon.ch\",\"isPartOf\":{\"@id\":\"https:\/\/www.ellen-tampon.ch\/#website\"},\"datePublished\":\"2021-05-14T12:29:38+00:00\",\"dateModified\":\"2021-05-17T06:10:42+00:00\",\"breadcrumb\":{\"@id\":\"https:\/\/www.ellen-tampon.ch\/fr\/la-sante-intime-de-la-femme\/valeur-ph-dans-le-vagin\/vaginose-bacterienne\/#breadcrumb\"},\"inLanguage\":\"fr-FR\",\"potentialAction\":[{\"@type\":\"ReadAction\",\"target\":[\"https:\/\/www.ellen-tampon.ch\/fr\/la-sante-intime-de-la-femme\/valeur-ph-dans-le-vagin\/vaginose-bacterienne\/\"]}]},{\"@type\":\"BreadcrumbList\",\"@id\":\"https:\/\/www.ellen-tampon.ch\/fr\/la-sante-intime-de-la-femme\/valeur-ph-dans-le-vagin\/vaginose-bacterienne\/#breadcrumb\",\"itemListElement\":[{\"@type\":\"ListItem\",\"position\":1,\"name\":\"Startseite\",\"item\":\"https:\/\/www.ellen-tampon.ch\/fr\/\"},{\"@type\":\"ListItem\",\"position\":2,\"name\":\"LA SANT\u00c9 INTIME DE LA FEMME\",\"item\":\"https:\/\/www.ellen-tampon.ch\/fr\/la-sante-intime-de-la-femme\/\"},{\"@type\":\"ListItem\",\"position\":3,\"name\":\"VALEUR PH DANS LE VAGIN\",\"item\":\"https:\/\/www.ellen-tampon.ch\/fr\/la-sante-intime-de-la-femme\/valeur-ph-dans-le-vagin\/\"},{\"@type\":\"ListItem\",\"position\":4,\"name\":\"VAGINOSE BACTERIENNE : DYSFONCTIONNEMENT DE LA FLORE VAGINALE\"}]},{\"@type\":\"WebSite\",\"@id\":\"https:\/\/www.ellen-tampon.ch\/#website\",\"url\":\"https:\/\/www.ellen-tampon.ch\/\",\"name\":\"ellen-tampon.ch\",\"description\":\"Tampon mit nat\u00fcrlichen Milchs\u00e4urebakterien\",\"potentialAction\":[{\"@type\":\"SearchAction\",\"target\":{\"@type\":\"EntryPoint\",\"urlTemplate\":\"https:\/\/www.ellen-tampon.ch\/?s={search_term_string}\"},\"query-input\":{\"@type\":\"PropertyValueSpecification\",\"valueRequired\":true,\"valueName\":\"search_term_string\"}}],\"inLanguage\":\"fr-FR\"}]}<\/script>\n<!-- \/ Yoast SEO plugin. -->","yoast_head_json":{"title":"VAGINOSE BACTERIENNE : DYSFONCTIONNEMENT DE LA FLORE VAGINALE | ellen-tampon.ch","robots":{"index":"index","follow":"follow","max-snippet":"max-snippet:-1","max-image-preview":"max-image-preview:large","max-video-preview":"max-video-preview:-1"},"canonical":"https:\/\/www.ellen-tampon.ch\/fr\/la-sante-intime-de-la-femme\/valeur-ph-dans-le-vagin\/vaginose-bacterienne\/","og_locale":"fr_FR","og_type":"article","og_title":"VAGINOSE BACTERIENNE : DYSFONCTIONNEMENT DE LA FLORE VAGINALE | ellen-tampon.ch","og_description":"La vaginose bact\u00e9rienne est la suite la plus r\u00e9pandue d\u2019un d\u00e9s\u00e9quilibre bact\u00e9rien dans le vagin chez les femmes en \u00e2ge de procr\u00e9ation. Une augmentation massive de germes fait suite \u00e0 ce d\u00e9s\u00e9quilibre. Les lactobacilles naturels et sains seront envahis et \u00e9limin\u00e9s. Il ne s\u2019agit pas d\u2019un seul agent pathog\u00e8ne proprement dit, mais d\u2019une multitude de [&hellip;]","og_url":"https:\/\/www.ellen-tampon.ch\/fr\/la-sante-intime-de-la-femme\/valeur-ph-dans-le-vagin\/vaginose-bacterienne\/","og_site_name":"ellen-tampon.ch","article_modified_time":"2021-05-17T06:10:42+00:00","twitter_card":"summary_large_image","twitter_misc":{"Dur\u00e9e de lecture estim\u00e9e":"1 minute"},"schema":{"@context":"https:\/\/schema.org","@graph":[{"@type":"WebPage","@id":"https:\/\/www.ellen-tampon.ch\/fr\/la-sante-intime-de-la-femme\/valeur-ph-dans-le-vagin\/vaginose-bacterienne\/","url":"https:\/\/www.ellen-tampon.ch\/fr\/la-sante-intime-de-la-femme\/valeur-ph-dans-le-vagin\/vaginose-bacterienne\/","name":"VAGINOSE BACTERIENNE : DYSFONCTIONNEMENT DE LA FLORE VAGINALE | ellen-tampon.ch","isPartOf":{"@id":"https:\/\/www.ellen-tampon.ch\/#website"},"datePublished":"2021-05-14T12:29:38+00:00","dateModified":"2021-05-17T06:10:42+00:00","breadcrumb":{"@id":"https:\/\/www.ellen-tampon.ch\/fr\/la-sante-intime-de-la-femme\/valeur-ph-dans-le-vagin\/vaginose-bacterienne\/#breadcrumb"},"inLanguage":"fr-FR","potentialAction":[{"@type":"ReadAction","target":["https:\/\/www.ellen-tampon.ch\/fr\/la-sante-intime-de-la-femme\/valeur-ph-dans-le-vagin\/vaginose-bacterienne\/"]}]},{"@type":"BreadcrumbList","@id":"https:\/\/www.ellen-tampon.ch\/fr\/la-sante-intime-de-la-femme\/valeur-ph-dans-le-vagin\/vaginose-bacterienne\/#breadcrumb","itemListElement":[{"@type":"ListItem","position":1,"name":"Startseite","item":"https:\/\/www.ellen-tampon.ch\/fr\/"},{"@type":"ListItem","position":2,"name":"LA SANT\u00c9 INTIME DE LA FEMME","item":"https:\/\/www.ellen-tampon.ch\/fr\/la-sante-intime-de-la-femme\/"},{"@type":"ListItem","position":3,"name":"VALEUR PH DANS LE VAGIN","item":"https:\/\/www.ellen-tampon.ch\/fr\/la-sante-intime-de-la-femme\/valeur-ph-dans-le-vagin\/"},{"@type":"ListItem","position":4,"name":"VAGINOSE BACTERIENNE : DYSFONCTIONNEMENT DE LA FLORE VAGINALE"}]},{"@type":"WebSite","@id":"https:\/\/www.ellen-tampon.ch\/#website","url":"https:\/\/www.ellen-tampon.ch\/","name":"ellen-tampon.ch","description":"Tampon mit nat\u00fcrlichen Milchs\u00e4urebakterien","potentialAction":[{"@type":"SearchAction","target":{"@type":"EntryPoint","urlTemplate":"https:\/\/www.ellen-tampon.ch\/?s={search_term_string}"},"query-input":{"@type":"PropertyValueSpecification","valueRequired":true,"valueName":"search_term_string"}}],"inLanguage":"fr-FR"}]}},"_links":{"self":[{"href":"https:\/\/www.ellen-tampon.ch\/fr\/wp-json\/wp\/v2\/pages\/839","targetHints":{"allow":["GET"]}}],"collection":[{"href":"https:\/\/www.ellen-tampon.ch\/fr\/wp-json\/wp\/v2\/pages"}],"about":[{"href":"https:\/\/www.ellen-tampon.ch\/fr\/wp-json\/wp\/v2\/types\/page"}],"author":[{"embeddable":true,"href":"https:\/\/www.ellen-tampon.ch\/fr\/wp-json\/wp\/v2\/users\/1"}],"replies":[{"embeddable":true,"href":"https:\/\/www.ellen-tampon.ch\/fr\/wp-json\/wp\/v2\/comments?post=839"}],"version-history":[{"count":3,"href":"https:\/\/www.ellen-tampon.ch\/fr\/wp-json\/wp\/v2\/pages\/839\/revisions"}],"predecessor-version":[{"id":1071,"href":"https:\/\/www.ellen-tampon.ch\/fr\/wp-json\/wp\/v2\/pages\/839\/revisions\/1071"}],"up":[{"embeddable":true,"href":"https:\/\/www.ellen-tampon.ch\/fr\/wp-json\/wp\/v2\/pages\/822"}],"wp:attachment":[{"href":"https:\/\/www.ellen-tampon.ch\/fr\/wp-json\/wp\/v2\/media?parent=839"}],"curies":[{"name":"wp","href":"https:\/\/api.w.org\/{rel}","templated":true}]}}