{"id":831,"date":"2021-05-14T12:26:33","date_gmt":"2021-05-14T12:26:33","guid":{"rendered":"https:\/\/www.ellen-tampon.ch\/?page_id=831"},"modified":"2021-05-17T06:12:06","modified_gmt":"2021-05-17T06:12:06","slug":"mycose-vaginale","status":"publish","type":"page","link":"https:\/\/www.ellen-tampon.ch\/fr\/la-sante-intime-de-la-femme\/valeur-ph-dans-le-vagin\/mycose-vaginale\/","title":{"rendered":"MYCOSE VAGINALE : INFECTION VAGINALE"},"content":{"rendered":"\n<p>Les champignons de la famille Candida albicans en petit nombre, appartiennent \u00e0 la flore bact\u00e9rienne naturelle de l\u2019\u00eatre humain. C\u2019est uniquement apr\u00e8s multiplication de germes pathog\u00e8nes dans le vagin que l\u2019on parle de mycose vaginale. Il s\u2019agit d\u2019une infection du vagin et \/ ou du col de l\u2019ut\u00e9rus. Les experts estiment qu\u2019environ 2\/3 de toutes les femmes souffrent au moins une fois dans leur vie d\u2019une mycose vaginale.<\/p>\n\n\n\n<p>Sympt\u00f4mes:<br>Une mycose vaginale provoque des troubles de gravit\u00e9s diff\u00e9rentes. Les sympt\u00f4mes les plus courants sont des d\u00e9mangeaisons et des br\u00fblures, ainsi que des irritations des zones vaginales externes qui d\u00e9clenchent souvent un \u00e9coulement blanc-jaun\u00e2tre grumeleux.<\/p>\n","protected":false},"excerpt":{"rendered":"<p>Les champignons de la famille Candida albicans en petit nombre, appartiennent \u00e0 la flore bact\u00e9rienne naturelle de l\u2019\u00eatre humain. C\u2019est uniquement apr\u00e8s multiplication de germes pathog\u00e8nes dans le vagin que l\u2019on parle de mycose vaginale. Il s\u2019agit d\u2019une infection du vagin et \/ ou du col de l\u2019ut\u00e9rus. Les experts estiment qu\u2019environ 2\/3 de toutes [&hellip;]<\/p>\n","protected":false},"author":1,"featured_media":0,"parent":822,"menu_order":0,"comment_status":"closed","ping_status":"closed","template":"","meta":{"_acf_changed":false,"footnotes":""},"class_list":["post-831","page","type-page","status-publish","hentry"],"acf":[],"yoast_head":"<!-- This site is optimized with the Yoast SEO plugin v24.1 - https:\/\/yoast.com\/wordpress\/plugins\/seo\/ -->\n<title>MYCOSE VAGINALE : INFECTION VAGINALE | ellen-tampon.ch<\/title>\n<meta name=\"robots\" content=\"index, follow, max-snippet:-1, max-image-preview:large, max-video-preview:-1\" \/>\n<link rel=\"canonical\" href=\"https:\/\/www.ellen-tampon.ch\/fr\/la-sante-intime-de-la-femme\/valeur-ph-dans-le-vagin\/mycose-vaginale\/\" \/>\n<meta property=\"og:locale\" content=\"fr_FR\" \/>\n<meta property=\"og:type\" content=\"article\" \/>\n<meta property=\"og:title\" content=\"MYCOSE VAGINALE : INFECTION VAGINALE | ellen-tampon.ch\" \/>\n<meta property=\"og:description\" content=\"Les champignons de la famille Candida albicans en petit nombre, appartiennent \u00e0 la flore bact\u00e9rienne naturelle de l\u2019\u00eatre humain. C\u2019est uniquement apr\u00e8s multiplication de germes pathog\u00e8nes dans le vagin que l\u2019on parle de mycose vaginale. Il s\u2019agit d\u2019une infection du vagin et \/ ou du col de l\u2019ut\u00e9rus. Les experts estiment qu\u2019environ 2\/3 de toutes [&hellip;]\" \/>\n<meta property=\"og:url\" content=\"https:\/\/www.ellen-tampon.ch\/fr\/la-sante-intime-de-la-femme\/valeur-ph-dans-le-vagin\/mycose-vaginale\/\" \/>\n<meta property=\"og:site_name\" content=\"ellen-tampon.ch\" \/>\n<meta property=\"article:modified_time\" content=\"2021-05-17T06:12:06+00:00\" \/>\n<meta name=\"twitter:card\" content=\"summary_large_image\" \/>\n<meta name=\"twitter:label1\" content=\"Dur\u00e9e de lecture estim\u00e9e\" \/>\n\t<meta name=\"twitter:data1\" content=\"1 minute\" \/>\n<script type=\"application\/ld+json\" class=\"yoast-schema-graph\">{\"@context\":\"https:\/\/schema.org\",\"@graph\":[{\"@type\":\"WebPage\",\"@id\":\"https:\/\/www.ellen-tampon.ch\/fr\/la-sante-intime-de-la-femme\/valeur-ph-dans-le-vagin\/mycose-vaginale\/\",\"url\":\"https:\/\/www.ellen-tampon.ch\/fr\/la-sante-intime-de-la-femme\/valeur-ph-dans-le-vagin\/mycose-vaginale\/\",\"name\":\"MYCOSE VAGINALE : INFECTION VAGINALE | ellen-tampon.ch\",\"isPartOf\":{\"@id\":\"https:\/\/www.ellen-tampon.ch\/#website\"},\"datePublished\":\"2021-05-14T12:26:33+00:00\",\"dateModified\":\"2021-05-17T06:12:06+00:00\",\"breadcrumb\":{\"@id\":\"https:\/\/www.ellen-tampon.ch\/fr\/la-sante-intime-de-la-femme\/valeur-ph-dans-le-vagin\/mycose-vaginale\/#breadcrumb\"},\"inLanguage\":\"fr-FR\",\"potentialAction\":[{\"@type\":\"ReadAction\",\"target\":[\"https:\/\/www.ellen-tampon.ch\/fr\/la-sante-intime-de-la-femme\/valeur-ph-dans-le-vagin\/mycose-vaginale\/\"]}]},{\"@type\":\"BreadcrumbList\",\"@id\":\"https:\/\/www.ellen-tampon.ch\/fr\/la-sante-intime-de-la-femme\/valeur-ph-dans-le-vagin\/mycose-vaginale\/#breadcrumb\",\"itemListElement\":[{\"@type\":\"ListItem\",\"position\":1,\"name\":\"Startseite\",\"item\":\"https:\/\/www.ellen-tampon.ch\/fr\/\"},{\"@type\":\"ListItem\",\"position\":2,\"name\":\"LA SANT\u00c9 INTIME DE LA FEMME\",\"item\":\"https:\/\/www.ellen-tampon.ch\/fr\/la-sante-intime-de-la-femme\/\"},{\"@type\":\"ListItem\",\"position\":3,\"name\":\"VALEUR PH DANS LE VAGIN\",\"item\":\"https:\/\/www.ellen-tampon.ch\/fr\/la-sante-intime-de-la-femme\/valeur-ph-dans-le-vagin\/\"},{\"@type\":\"ListItem\",\"position\":4,\"name\":\"MYCOSE VAGINALE : INFECTION VAGINALE\"}]},{\"@type\":\"WebSite\",\"@id\":\"https:\/\/www.ellen-tampon.ch\/#website\",\"url\":\"https:\/\/www.ellen-tampon.ch\/\",\"name\":\"ellen-tampon.ch\",\"description\":\"Tampon mit nat\u00fcrlichen Milchs\u00e4urebakterien\",\"potentialAction\":[{\"@type\":\"SearchAction\",\"target\":{\"@type\":\"EntryPoint\",\"urlTemplate\":\"https:\/\/www.ellen-tampon.ch\/?s={search_term_string}\"},\"query-input\":{\"@type\":\"PropertyValueSpecification\",\"valueRequired\":true,\"valueName\":\"search_term_string\"}}],\"inLanguage\":\"fr-FR\"}]}<\/script>\n<!-- \/ Yoast SEO plugin. -->","yoast_head_json":{"title":"MYCOSE VAGINALE : INFECTION VAGINALE | ellen-tampon.ch","robots":{"index":"index","follow":"follow","max-snippet":"max-snippet:-1","max-image-preview":"max-image-preview:large","max-video-preview":"max-video-preview:-1"},"canonical":"https:\/\/www.ellen-tampon.ch\/fr\/la-sante-intime-de-la-femme\/valeur-ph-dans-le-vagin\/mycose-vaginale\/","og_locale":"fr_FR","og_type":"article","og_title":"MYCOSE VAGINALE : INFECTION VAGINALE | ellen-tampon.ch","og_description":"Les champignons de la famille Candida albicans en petit nombre, appartiennent \u00e0 la flore bact\u00e9rienne naturelle de l\u2019\u00eatre humain. C\u2019est uniquement apr\u00e8s multiplication de germes pathog\u00e8nes dans le vagin que l\u2019on parle de mycose vaginale. Il s\u2019agit d\u2019une infection du vagin et \/ ou du col de l\u2019ut\u00e9rus. Les experts estiment qu\u2019environ 2\/3 de toutes [&hellip;]","og_url":"https:\/\/www.ellen-tampon.ch\/fr\/la-sante-intime-de-la-femme\/valeur-ph-dans-le-vagin\/mycose-vaginale\/","og_site_name":"ellen-tampon.ch","article_modified_time":"2021-05-17T06:12:06+00:00","twitter_card":"summary_large_image","twitter_misc":{"Dur\u00e9e de lecture estim\u00e9e":"1 minute"},"schema":{"@context":"https:\/\/schema.org","@graph":[{"@type":"WebPage","@id":"https:\/\/www.ellen-tampon.ch\/fr\/la-sante-intime-de-la-femme\/valeur-ph-dans-le-vagin\/mycose-vaginale\/","url":"https:\/\/www.ellen-tampon.ch\/fr\/la-sante-intime-de-la-femme\/valeur-ph-dans-le-vagin\/mycose-vaginale\/","name":"MYCOSE VAGINALE : INFECTION VAGINALE | ellen-tampon.ch","isPartOf":{"@id":"https:\/\/www.ellen-tampon.ch\/#website"},"datePublished":"2021-05-14T12:26:33+00:00","dateModified":"2021-05-17T06:12:06+00:00","breadcrumb":{"@id":"https:\/\/www.ellen-tampon.ch\/fr\/la-sante-intime-de-la-femme\/valeur-ph-dans-le-vagin\/mycose-vaginale\/#breadcrumb"},"inLanguage":"fr-FR","potentialAction":[{"@type":"ReadAction","target":["https:\/\/www.ellen-tampon.ch\/fr\/la-sante-intime-de-la-femme\/valeur-ph-dans-le-vagin\/mycose-vaginale\/"]}]},{"@type":"BreadcrumbList","@id":"https:\/\/www.ellen-tampon.ch\/fr\/la-sante-intime-de-la-femme\/valeur-ph-dans-le-vagin\/mycose-vaginale\/#breadcrumb","itemListElement":[{"@type":"ListItem","position":1,"name":"Startseite","item":"https:\/\/www.ellen-tampon.ch\/fr\/"},{"@type":"ListItem","position":2,"name":"LA SANT\u00c9 INTIME DE LA FEMME","item":"https:\/\/www.ellen-tampon.ch\/fr\/la-sante-intime-de-la-femme\/"},{"@type":"ListItem","position":3,"name":"VALEUR PH DANS LE VAGIN","item":"https:\/\/www.ellen-tampon.ch\/fr\/la-sante-intime-de-la-femme\/valeur-ph-dans-le-vagin\/"},{"@type":"ListItem","position":4,"name":"MYCOSE VAGINALE : INFECTION VAGINALE"}]},{"@type":"WebSite","@id":"https:\/\/www.ellen-tampon.ch\/#website","url":"https:\/\/www.ellen-tampon.ch\/","name":"ellen-tampon.ch","description":"Tampon mit nat\u00fcrlichen Milchs\u00e4urebakterien","potentialAction":[{"@type":"SearchAction","target":{"@type":"EntryPoint","urlTemplate":"https:\/\/www.ellen-tampon.ch\/?s={search_term_string}"},"query-input":{"@type":"PropertyValueSpecification","valueRequired":true,"valueName":"search_term_string"}}],"inLanguage":"fr-FR"}]}},"_links":{"self":[{"href":"https:\/\/www.ellen-tampon.ch\/fr\/wp-json\/wp\/v2\/pages\/831","targetHints":{"allow":["GET"]}}],"collection":[{"href":"https:\/\/www.ellen-tampon.ch\/fr\/wp-json\/wp\/v2\/pages"}],"about":[{"href":"https:\/\/www.ellen-tampon.ch\/fr\/wp-json\/wp\/v2\/types\/page"}],"author":[{"embeddable":true,"href":"https:\/\/www.ellen-tampon.ch\/fr\/wp-json\/wp\/v2\/users\/1"}],"replies":[{"embeddable":true,"href":"https:\/\/www.ellen-tampon.ch\/fr\/wp-json\/wp\/v2\/comments?post=831"}],"version-history":[{"count":4,"href":"https:\/\/www.ellen-tampon.ch\/fr\/wp-json\/wp\/v2\/pages\/831\/revisions"}],"predecessor-version":[{"id":1073,"href":"https:\/\/www.ellen-tampon.ch\/fr\/wp-json\/wp\/v2\/pages\/831\/revisions\/1073"}],"up":[{"embeddable":true,"href":"https:\/\/www.ellen-tampon.ch\/fr\/wp-json\/wp\/v2\/pages\/822"}],"wp:attachment":[{"href":"https:\/\/www.ellen-tampon.ch\/fr\/wp-json\/wp\/v2\/media?parent=831"}],"curies":[{"name":"wp","href":"https:\/\/api.w.org\/{rel}","templated":true}]}}