{"id":822,"date":"2021-05-14T12:24:58","date_gmt":"2021-05-14T12:24:58","guid":{"rendered":"https:\/\/www.ellen-tampon.ch\/?page_id=822"},"modified":"2021-05-17T06:04:12","modified_gmt":"2021-05-17T06:04:12","slug":"valeur-ph-dans-le-vagin","status":"publish","type":"page","link":"https:\/\/www.ellen-tampon.ch\/fr\/la-sante-intime-de-la-femme\/valeur-ph-dans-le-vagin\/","title":{"rendered":"VALEUR PH DANS LE VAGIN"},"content":{"rendered":"\n<p>Une valeur de pH basse, donc acide de 3,8 \u00e0 4,4, dans le vagin est une condition de base pour que le syst\u00e8me protecteur du vagin fonctionne parfaitement. Ainsi la plupart des germes et des champignons pathog\u00e8nes ne peuvent pas se d\u00e9velopper. Les conditions pr\u00e9alables pour une valeur pH acide sont la pr\u00e9sence de l\u2019acide lactique qui est fabriqu\u00e9 par les lactobacilles. Pour cette raison la flore vaginale est d\u00e9pendante de la pr\u00e9sence de lactobacilles.<\/p>\n\n\n\n<figure class=\"wp-block-image size-full is-resized\"><img loading=\"lazy\" decoding=\"async\" src=\"https:\/\/www.ellen-tampon.ch\/wp-content\/uploads\/2021\/05\/05_1.jpg\" alt=\"\" class=\"wp-image-825\" width=\"840\" height=\"526\" srcset=\"https:\/\/www.ellen-tampon.ch\/wp-content\/uploads\/2021\/05\/05_1.jpg 840w, https:\/\/www.ellen-tampon.ch\/wp-content\/uploads\/2021\/05\/05_1-300x188.jpg 300w, https:\/\/www.ellen-tampon.ch\/wp-content\/uploads\/2021\/05\/05_1-768x481.jpg 768w, https:\/\/www.ellen-tampon.ch\/wp-content\/uploads\/2021\/05\/05_1-767x480.jpg 767w, https:\/\/www.ellen-tampon.ch\/wp-content\/uploads\/2021\/05\/05_1-510x319.jpg 510w, https:\/\/www.ellen-tampon.ch\/wp-content\/uploads\/2021\/05\/05_1-110x70.jpg 110w, https:\/\/www.ellen-tampon.ch\/wp-content\/uploads\/2021\/05\/05_1-250x157.jpg 250w, https:\/\/www.ellen-tampon.ch\/wp-content\/uploads\/2021\/05\/05_1-280x175.jpg 280w\" sizes=\"auto, (max-width: 840px) 100vw, 840px\" \/><\/figure>\n","protected":false},"excerpt":{"rendered":"<p>Une valeur de pH basse, donc acide de 3,8 \u00e0 4,4, dans le vagin est une condition de base pour que le syst\u00e8me protecteur du vagin fonctionne parfaitement. Ainsi la plupart des germes et des champignons pathog\u00e8nes ne peuvent pas se d\u00e9velopper. Les conditions pr\u00e9alables pour une valeur pH acide sont la pr\u00e9sence de l\u2019acide [&hellip;]<\/p>\n","protected":false},"author":1,"featured_media":0,"parent":685,"menu_order":0,"comment_status":"closed","ping_status":"closed","template":"","meta":{"_acf_changed":false,"footnotes":""},"class_list":["post-822","page","type-page","status-publish","hentry"],"acf":[],"yoast_head":"<!-- This site is optimized with the Yoast SEO plugin v24.1 - https:\/\/yoast.com\/wordpress\/plugins\/seo\/ -->\n<title>VALEUR PH DANS LE VAGIN | ellen-tampon.ch<\/title>\n<meta name=\"robots\" content=\"index, follow, max-snippet:-1, max-image-preview:large, max-video-preview:-1\" \/>\n<link rel=\"canonical\" href=\"https:\/\/www.ellen-tampon.ch\/fr\/la-sante-intime-de-la-femme\/valeur-ph-dans-le-vagin\/\" \/>\n<meta property=\"og:locale\" content=\"fr_FR\" \/>\n<meta property=\"og:type\" content=\"article\" \/>\n<meta property=\"og:title\" content=\"VALEUR PH DANS LE VAGIN | ellen-tampon.ch\" \/>\n<meta property=\"og:description\" content=\"Une valeur de pH basse, donc acide de 3,8 \u00e0 4,4, dans le vagin est une condition de base pour que le syst\u00e8me protecteur du vagin fonctionne parfaitement. Ainsi la plupart des germes et des champignons pathog\u00e8nes ne peuvent pas se d\u00e9velopper. Les conditions pr\u00e9alables pour une valeur pH acide sont la pr\u00e9sence de l\u2019acide [&hellip;]\" \/>\n<meta property=\"og:url\" content=\"https:\/\/www.ellen-tampon.ch\/fr\/la-sante-intime-de-la-femme\/valeur-ph-dans-le-vagin\/\" \/>\n<meta property=\"og:site_name\" content=\"ellen-tampon.ch\" \/>\n<meta property=\"article:modified_time\" content=\"2021-05-17T06:04:12+00:00\" \/>\n<meta property=\"og:image\" content=\"https:\/\/www.ellen-tampon.ch\/wp-content\/uploads\/2021\/05\/05_1.jpg\" \/>\n<meta name=\"twitter:card\" content=\"summary_large_image\" \/>\n<meta name=\"twitter:label1\" content=\"Dur\u00e9e de lecture estim\u00e9e\" \/>\n\t<meta name=\"twitter:data1\" content=\"1 minute\" \/>\n<script type=\"application\/ld+json\" class=\"yoast-schema-graph\">{\"@context\":\"https:\/\/schema.org\",\"@graph\":[{\"@type\":\"WebPage\",\"@id\":\"https:\/\/www.ellen-tampon.ch\/fr\/la-sante-intime-de-la-femme\/valeur-ph-dans-le-vagin\/\",\"url\":\"https:\/\/www.ellen-tampon.ch\/fr\/la-sante-intime-de-la-femme\/valeur-ph-dans-le-vagin\/\",\"name\":\"VALEUR PH DANS LE VAGIN | ellen-tampon.ch\",\"isPartOf\":{\"@id\":\"https:\/\/www.ellen-tampon.ch\/#website\"},\"primaryImageOfPage\":{\"@id\":\"https:\/\/www.ellen-tampon.ch\/fr\/la-sante-intime-de-la-femme\/valeur-ph-dans-le-vagin\/#primaryimage\"},\"image\":{\"@id\":\"https:\/\/www.ellen-tampon.ch\/fr\/la-sante-intime-de-la-femme\/valeur-ph-dans-le-vagin\/#primaryimage\"},\"thumbnailUrl\":\"https:\/\/www.ellen-tampon.ch\/wp-content\/uploads\/2021\/05\/05_1.jpg\",\"datePublished\":\"2021-05-14T12:24:58+00:00\",\"dateModified\":\"2021-05-17T06:04:12+00:00\",\"breadcrumb\":{\"@id\":\"https:\/\/www.ellen-tampon.ch\/fr\/la-sante-intime-de-la-femme\/valeur-ph-dans-le-vagin\/#breadcrumb\"},\"inLanguage\":\"fr-FR\",\"potentialAction\":[{\"@type\":\"ReadAction\",\"target\":[\"https:\/\/www.ellen-tampon.ch\/fr\/la-sante-intime-de-la-femme\/valeur-ph-dans-le-vagin\/\"]}]},{\"@type\":\"ImageObject\",\"inLanguage\":\"fr-FR\",\"@id\":\"https:\/\/www.ellen-tampon.ch\/fr\/la-sante-intime-de-la-femme\/valeur-ph-dans-le-vagin\/#primaryimage\",\"url\":\"https:\/\/www.ellen-tampon.ch\/wp-content\/uploads\/2021\/05\/05_1.jpg\",\"contentUrl\":\"https:\/\/www.ellen-tampon.ch\/wp-content\/uploads\/2021\/05\/05_1.jpg\"},{\"@type\":\"BreadcrumbList\",\"@id\":\"https:\/\/www.ellen-tampon.ch\/fr\/la-sante-intime-de-la-femme\/valeur-ph-dans-le-vagin\/#breadcrumb\",\"itemListElement\":[{\"@type\":\"ListItem\",\"position\":1,\"name\":\"Startseite\",\"item\":\"https:\/\/www.ellen-tampon.ch\/fr\/\"},{\"@type\":\"ListItem\",\"position\":2,\"name\":\"LA SANT\u00c9 INTIME DE LA FEMME\",\"item\":\"https:\/\/www.ellen-tampon.ch\/fr\/la-sante-intime-de-la-femme\/\"},{\"@type\":\"ListItem\",\"position\":3,\"name\":\"VALEUR PH DANS LE VAGIN\"}]},{\"@type\":\"WebSite\",\"@id\":\"https:\/\/www.ellen-tampon.ch\/#website\",\"url\":\"https:\/\/www.ellen-tampon.ch\/\",\"name\":\"ellen-tampon.ch\",\"description\":\"Tampon mit nat\u00fcrlichen Milchs\u00e4urebakterien\",\"potentialAction\":[{\"@type\":\"SearchAction\",\"target\":{\"@type\":\"EntryPoint\",\"urlTemplate\":\"https:\/\/www.ellen-tampon.ch\/?s={search_term_string}\"},\"query-input\":{\"@type\":\"PropertyValueSpecification\",\"valueRequired\":true,\"valueName\":\"search_term_string\"}}],\"inLanguage\":\"fr-FR\"}]}<\/script>\n<!-- \/ Yoast SEO plugin. -->","yoast_head_json":{"title":"VALEUR PH DANS LE VAGIN | ellen-tampon.ch","robots":{"index":"index","follow":"follow","max-snippet":"max-snippet:-1","max-image-preview":"max-image-preview:large","max-video-preview":"max-video-preview:-1"},"canonical":"https:\/\/www.ellen-tampon.ch\/fr\/la-sante-intime-de-la-femme\/valeur-ph-dans-le-vagin\/","og_locale":"fr_FR","og_type":"article","og_title":"VALEUR PH DANS LE VAGIN | ellen-tampon.ch","og_description":"Une valeur de pH basse, donc acide de 3,8 \u00e0 4,4, dans le vagin est une condition de base pour que le syst\u00e8me protecteur du vagin fonctionne parfaitement. Ainsi la plupart des germes et des champignons pathog\u00e8nes ne peuvent pas se d\u00e9velopper. Les conditions pr\u00e9alables pour une valeur pH acide sont la pr\u00e9sence de l\u2019acide [&hellip;]","og_url":"https:\/\/www.ellen-tampon.ch\/fr\/la-sante-intime-de-la-femme\/valeur-ph-dans-le-vagin\/","og_site_name":"ellen-tampon.ch","article_modified_time":"2021-05-17T06:04:12+00:00","og_image":[{"url":"https:\/\/www.ellen-tampon.ch\/wp-content\/uploads\/2021\/05\/05_1.jpg","type":"","width":"","height":""}],"twitter_card":"summary_large_image","twitter_misc":{"Dur\u00e9e de lecture estim\u00e9e":"1 minute"},"schema":{"@context":"https:\/\/schema.org","@graph":[{"@type":"WebPage","@id":"https:\/\/www.ellen-tampon.ch\/fr\/la-sante-intime-de-la-femme\/valeur-ph-dans-le-vagin\/","url":"https:\/\/www.ellen-tampon.ch\/fr\/la-sante-intime-de-la-femme\/valeur-ph-dans-le-vagin\/","name":"VALEUR PH DANS LE VAGIN | ellen-tampon.ch","isPartOf":{"@id":"https:\/\/www.ellen-tampon.ch\/#website"},"primaryImageOfPage":{"@id":"https:\/\/www.ellen-tampon.ch\/fr\/la-sante-intime-de-la-femme\/valeur-ph-dans-le-vagin\/#primaryimage"},"image":{"@id":"https:\/\/www.ellen-tampon.ch\/fr\/la-sante-intime-de-la-femme\/valeur-ph-dans-le-vagin\/#primaryimage"},"thumbnailUrl":"https:\/\/www.ellen-tampon.ch\/wp-content\/uploads\/2021\/05\/05_1.jpg","datePublished":"2021-05-14T12:24:58+00:00","dateModified":"2021-05-17T06:04:12+00:00","breadcrumb":{"@id":"https:\/\/www.ellen-tampon.ch\/fr\/la-sante-intime-de-la-femme\/valeur-ph-dans-le-vagin\/#breadcrumb"},"inLanguage":"fr-FR","potentialAction":[{"@type":"ReadAction","target":["https:\/\/www.ellen-tampon.ch\/fr\/la-sante-intime-de-la-femme\/valeur-ph-dans-le-vagin\/"]}]},{"@type":"ImageObject","inLanguage":"fr-FR","@id":"https:\/\/www.ellen-tampon.ch\/fr\/la-sante-intime-de-la-femme\/valeur-ph-dans-le-vagin\/#primaryimage","url":"https:\/\/www.ellen-tampon.ch\/wp-content\/uploads\/2021\/05\/05_1.jpg","contentUrl":"https:\/\/www.ellen-tampon.ch\/wp-content\/uploads\/2021\/05\/05_1.jpg"},{"@type":"BreadcrumbList","@id":"https:\/\/www.ellen-tampon.ch\/fr\/la-sante-intime-de-la-femme\/valeur-ph-dans-le-vagin\/#breadcrumb","itemListElement":[{"@type":"ListItem","position":1,"name":"Startseite","item":"https:\/\/www.ellen-tampon.ch\/fr\/"},{"@type":"ListItem","position":2,"name":"LA SANT\u00c9 INTIME DE LA FEMME","item":"https:\/\/www.ellen-tampon.ch\/fr\/la-sante-intime-de-la-femme\/"},{"@type":"ListItem","position":3,"name":"VALEUR PH DANS LE VAGIN"}]},{"@type":"WebSite","@id":"https:\/\/www.ellen-tampon.ch\/#website","url":"https:\/\/www.ellen-tampon.ch\/","name":"ellen-tampon.ch","description":"Tampon mit nat\u00fcrlichen Milchs\u00e4urebakterien","potentialAction":[{"@type":"SearchAction","target":{"@type":"EntryPoint","urlTemplate":"https:\/\/www.ellen-tampon.ch\/?s={search_term_string}"},"query-input":{"@type":"PropertyValueSpecification","valueRequired":true,"valueName":"search_term_string"}}],"inLanguage":"fr-FR"}]}},"_links":{"self":[{"href":"https:\/\/www.ellen-tampon.ch\/fr\/wp-json\/wp\/v2\/pages\/822","targetHints":{"allow":["GET"]}}],"collection":[{"href":"https:\/\/www.ellen-tampon.ch\/fr\/wp-json\/wp\/v2\/pages"}],"about":[{"href":"https:\/\/www.ellen-tampon.ch\/fr\/wp-json\/wp\/v2\/types\/page"}],"author":[{"embeddable":true,"href":"https:\/\/www.ellen-tampon.ch\/fr\/wp-json\/wp\/v2\/users\/1"}],"replies":[{"embeddable":true,"href":"https:\/\/www.ellen-tampon.ch\/fr\/wp-json\/wp\/v2\/comments?post=822"}],"version-history":[{"count":2,"href":"https:\/\/www.ellen-tampon.ch\/fr\/wp-json\/wp\/v2\/pages\/822\/revisions"}],"predecessor-version":[{"id":1066,"href":"https:\/\/www.ellen-tampon.ch\/fr\/wp-json\/wp\/v2\/pages\/822\/revisions\/1066"}],"up":[{"embeddable":true,"href":"https:\/\/www.ellen-tampon.ch\/fr\/wp-json\/wp\/v2\/pages\/685"}],"wp:attachment":[{"href":"https:\/\/www.ellen-tampon.ch\/fr\/wp-json\/wp\/v2\/media?parent=822"}],"curies":[{"name":"wp","href":"https:\/\/api.w.org\/{rel}","templated":true}]}}