{"id":782,"date":"2021-05-14T12:22:28","date_gmt":"2021-05-14T12:22:28","guid":{"rendered":"https:\/\/www.ellen-tampon.ch\/?page_id=782"},"modified":"2021-05-17T06:15:24","modified_gmt":"2021-05-17T06:15:24","slug":"la-flore-vaginal-desequilibree","status":"publish","type":"page","link":"https:\/\/www.ellen-tampon.ch\/fr\/la-sante-intime-de-la-femme\/la-flore-vaginal-desequilibree\/","title":{"rendered":"LA FLORE VAGINAL D\u00c9S\u00c9QUILIBR\u00c9E"},"content":{"rendered":"\n<p>Au courant de la vie, la flore vaginale est fortement influenc\u00e9e par les changements hormonaux. Elle est instable durant la menstruation et apr\u00e8s des relations sexuelles non prot\u00e9g\u00e9es. La valeur du pH augmente ce qui facilite la multiplication excessive de germes pathog\u00e8nes. On appelle ce disfonctionnement de la flore vaginale une vaginite. La forme la plus \u00e9tendue est la <a href=\"https:\/\/www.ellen-tampon.ch\/fr\/la-sante-intime-de-la-femme\/valeur-ph-dans-le-vagin\/mycose-vaginale\/\">mycose vaginale<\/a> et la <a href=\"https:\/\/www.ellen-tampon.ch\/fr\/la-sante-intime-de-la-femme\/valeur-ph-dans-le-vagin\/vaginose-bacterienne\/\">vaginose bact\u00e9rienne<\/a>.<\/p>\n","protected":false},"excerpt":{"rendered":"<p>Au courant de la vie, la flore vaginale est fortement influenc\u00e9e par les changements hormonaux. Elle est instable durant la menstruation et apr\u00e8s des relations sexuelles non prot\u00e9g\u00e9es. La valeur du pH augmente ce qui facilite la multiplication excessive de germes pathog\u00e8nes. On appelle ce disfonctionnement de la flore vaginale une vaginite. La forme la [&hellip;]<\/p>\n","protected":false},"author":1,"featured_media":0,"parent":685,"menu_order":0,"comment_status":"closed","ping_status":"closed","template":"","meta":{"_acf_changed":false,"footnotes":""},"class_list":["post-782","page","type-page","status-publish","hentry"],"acf":[],"yoast_head":"<!-- This site is optimized with the Yoast SEO plugin v24.1 - https:\/\/yoast.com\/wordpress\/plugins\/seo\/ -->\n<title>LA FLORE VAGINAL D\u00c9S\u00c9QUILIBR\u00c9E | ellen-tampon.ch<\/title>\n<meta name=\"robots\" content=\"index, follow, max-snippet:-1, max-image-preview:large, max-video-preview:-1\" \/>\n<link rel=\"canonical\" href=\"https:\/\/www.ellen-tampon.ch\/fr\/la-sante-intime-de-la-femme\/la-flore-vaginal-desequilibree\/\" \/>\n<meta property=\"og:locale\" content=\"fr_FR\" \/>\n<meta property=\"og:type\" content=\"article\" \/>\n<meta property=\"og:title\" content=\"LA FLORE VAGINAL D\u00c9S\u00c9QUILIBR\u00c9E | ellen-tampon.ch\" \/>\n<meta property=\"og:description\" content=\"Au courant de la vie, la flore vaginale est fortement influenc\u00e9e par les changements hormonaux. Elle est instable durant la menstruation et apr\u00e8s des relations sexuelles non prot\u00e9g\u00e9es. La valeur du pH augmente ce qui facilite la multiplication excessive de germes pathog\u00e8nes. On appelle ce disfonctionnement de la flore vaginale une vaginite. La forme la [&hellip;]\" \/>\n<meta property=\"og:url\" content=\"https:\/\/www.ellen-tampon.ch\/fr\/la-sante-intime-de-la-femme\/la-flore-vaginal-desequilibree\/\" \/>\n<meta property=\"og:site_name\" content=\"ellen-tampon.ch\" \/>\n<meta property=\"article:modified_time\" content=\"2021-05-17T06:15:24+00:00\" \/>\n<meta name=\"twitter:card\" content=\"summary_large_image\" \/>\n<meta name=\"twitter:label1\" content=\"Dur\u00e9e de lecture estim\u00e9e\" \/>\n\t<meta name=\"twitter:data1\" content=\"1 minute\" \/>\n<script type=\"application\/ld+json\" class=\"yoast-schema-graph\">{\"@context\":\"https:\/\/schema.org\",\"@graph\":[{\"@type\":\"WebPage\",\"@id\":\"https:\/\/www.ellen-tampon.ch\/fr\/la-sante-intime-de-la-femme\/la-flore-vaginal-desequilibree\/\",\"url\":\"https:\/\/www.ellen-tampon.ch\/fr\/la-sante-intime-de-la-femme\/la-flore-vaginal-desequilibree\/\",\"name\":\"LA FLORE VAGINAL D\u00c9S\u00c9QUILIBR\u00c9E | ellen-tampon.ch\",\"isPartOf\":{\"@id\":\"https:\/\/www.ellen-tampon.ch\/#website\"},\"datePublished\":\"2021-05-14T12:22:28+00:00\",\"dateModified\":\"2021-05-17T06:15:24+00:00\",\"breadcrumb\":{\"@id\":\"https:\/\/www.ellen-tampon.ch\/fr\/la-sante-intime-de-la-femme\/la-flore-vaginal-desequilibree\/#breadcrumb\"},\"inLanguage\":\"fr-FR\",\"potentialAction\":[{\"@type\":\"ReadAction\",\"target\":[\"https:\/\/www.ellen-tampon.ch\/fr\/la-sante-intime-de-la-femme\/la-flore-vaginal-desequilibree\/\"]}]},{\"@type\":\"BreadcrumbList\",\"@id\":\"https:\/\/www.ellen-tampon.ch\/fr\/la-sante-intime-de-la-femme\/la-flore-vaginal-desequilibree\/#breadcrumb\",\"itemListElement\":[{\"@type\":\"ListItem\",\"position\":1,\"name\":\"Startseite\",\"item\":\"https:\/\/www.ellen-tampon.ch\/fr\/\"},{\"@type\":\"ListItem\",\"position\":2,\"name\":\"LA SANT\u00c9 INTIME DE LA FEMME\",\"item\":\"https:\/\/www.ellen-tampon.ch\/fr\/la-sante-intime-de-la-femme\/\"},{\"@type\":\"ListItem\",\"position\":3,\"name\":\"LA FLORE VAGINAL D\u00c9S\u00c9QUILIBR\u00c9E\"}]},{\"@type\":\"WebSite\",\"@id\":\"https:\/\/www.ellen-tampon.ch\/#website\",\"url\":\"https:\/\/www.ellen-tampon.ch\/\",\"name\":\"ellen-tampon.ch\",\"description\":\"Tampon mit nat\u00fcrlichen Milchs\u00e4urebakterien\",\"potentialAction\":[{\"@type\":\"SearchAction\",\"target\":{\"@type\":\"EntryPoint\",\"urlTemplate\":\"https:\/\/www.ellen-tampon.ch\/?s={search_term_string}\"},\"query-input\":{\"@type\":\"PropertyValueSpecification\",\"valueRequired\":true,\"valueName\":\"search_term_string\"}}],\"inLanguage\":\"fr-FR\"}]}<\/script>\n<!-- \/ Yoast SEO plugin. -->","yoast_head_json":{"title":"LA FLORE VAGINAL D\u00c9S\u00c9QUILIBR\u00c9E | ellen-tampon.ch","robots":{"index":"index","follow":"follow","max-snippet":"max-snippet:-1","max-image-preview":"max-image-preview:large","max-video-preview":"max-video-preview:-1"},"canonical":"https:\/\/www.ellen-tampon.ch\/fr\/la-sante-intime-de-la-femme\/la-flore-vaginal-desequilibree\/","og_locale":"fr_FR","og_type":"article","og_title":"LA FLORE VAGINAL D\u00c9S\u00c9QUILIBR\u00c9E | ellen-tampon.ch","og_description":"Au courant de la vie, la flore vaginale est fortement influenc\u00e9e par les changements hormonaux. Elle est instable durant la menstruation et apr\u00e8s des relations sexuelles non prot\u00e9g\u00e9es. La valeur du pH augmente ce qui facilite la multiplication excessive de germes pathog\u00e8nes. On appelle ce disfonctionnement de la flore vaginale une vaginite. La forme la [&hellip;]","og_url":"https:\/\/www.ellen-tampon.ch\/fr\/la-sante-intime-de-la-femme\/la-flore-vaginal-desequilibree\/","og_site_name":"ellen-tampon.ch","article_modified_time":"2021-05-17T06:15:24+00:00","twitter_card":"summary_large_image","twitter_misc":{"Dur\u00e9e de lecture estim\u00e9e":"1 minute"},"schema":{"@context":"https:\/\/schema.org","@graph":[{"@type":"WebPage","@id":"https:\/\/www.ellen-tampon.ch\/fr\/la-sante-intime-de-la-femme\/la-flore-vaginal-desequilibree\/","url":"https:\/\/www.ellen-tampon.ch\/fr\/la-sante-intime-de-la-femme\/la-flore-vaginal-desequilibree\/","name":"LA FLORE VAGINAL D\u00c9S\u00c9QUILIBR\u00c9E | ellen-tampon.ch","isPartOf":{"@id":"https:\/\/www.ellen-tampon.ch\/#website"},"datePublished":"2021-05-14T12:22:28+00:00","dateModified":"2021-05-17T06:15:24+00:00","breadcrumb":{"@id":"https:\/\/www.ellen-tampon.ch\/fr\/la-sante-intime-de-la-femme\/la-flore-vaginal-desequilibree\/#breadcrumb"},"inLanguage":"fr-FR","potentialAction":[{"@type":"ReadAction","target":["https:\/\/www.ellen-tampon.ch\/fr\/la-sante-intime-de-la-femme\/la-flore-vaginal-desequilibree\/"]}]},{"@type":"BreadcrumbList","@id":"https:\/\/www.ellen-tampon.ch\/fr\/la-sante-intime-de-la-femme\/la-flore-vaginal-desequilibree\/#breadcrumb","itemListElement":[{"@type":"ListItem","position":1,"name":"Startseite","item":"https:\/\/www.ellen-tampon.ch\/fr\/"},{"@type":"ListItem","position":2,"name":"LA SANT\u00c9 INTIME DE LA FEMME","item":"https:\/\/www.ellen-tampon.ch\/fr\/la-sante-intime-de-la-femme\/"},{"@type":"ListItem","position":3,"name":"LA FLORE VAGINAL D\u00c9S\u00c9QUILIBR\u00c9E"}]},{"@type":"WebSite","@id":"https:\/\/www.ellen-tampon.ch\/#website","url":"https:\/\/www.ellen-tampon.ch\/","name":"ellen-tampon.ch","description":"Tampon mit nat\u00fcrlichen Milchs\u00e4urebakterien","potentialAction":[{"@type":"SearchAction","target":{"@type":"EntryPoint","urlTemplate":"https:\/\/www.ellen-tampon.ch\/?s={search_term_string}"},"query-input":{"@type":"PropertyValueSpecification","valueRequired":true,"valueName":"search_term_string"}}],"inLanguage":"fr-FR"}]}},"_links":{"self":[{"href":"https:\/\/www.ellen-tampon.ch\/fr\/wp-json\/wp\/v2\/pages\/782","targetHints":{"allow":["GET"]}}],"collection":[{"href":"https:\/\/www.ellen-tampon.ch\/fr\/wp-json\/wp\/v2\/pages"}],"about":[{"href":"https:\/\/www.ellen-tampon.ch\/fr\/wp-json\/wp\/v2\/types\/page"}],"author":[{"embeddable":true,"href":"https:\/\/www.ellen-tampon.ch\/fr\/wp-json\/wp\/v2\/users\/1"}],"replies":[{"embeddable":true,"href":"https:\/\/www.ellen-tampon.ch\/fr\/wp-json\/wp\/v2\/comments?post=782"}],"version-history":[{"count":3,"href":"https:\/\/www.ellen-tampon.ch\/fr\/wp-json\/wp\/v2\/pages\/782\/revisions"}],"predecessor-version":[{"id":1075,"href":"https:\/\/www.ellen-tampon.ch\/fr\/wp-json\/wp\/v2\/pages\/782\/revisions\/1075"}],"up":[{"embeddable":true,"href":"https:\/\/www.ellen-tampon.ch\/fr\/wp-json\/wp\/v2\/pages\/685"}],"wp:attachment":[{"href":"https:\/\/www.ellen-tampon.ch\/fr\/wp-json\/wp\/v2\/media?parent=782"}],"curies":[{"name":"wp","href":"https:\/\/api.w.org\/{rel}","templated":true}]}}