{"id":778,"date":"2021-05-14T12:20:13","date_gmt":"2021-05-14T12:20:13","guid":{"rendered":"https:\/\/www.ellen-tampon.ch\/?page_id=778"},"modified":"2022-02-16T00:59:51","modified_gmt":"2022-02-16T00:59:51","slug":"flore-vaginale-saine","status":"publish","type":"page","link":"https:\/\/www.ellen-tampon.ch\/fr\/la-sante-intime-de-la-femme\/flore-vaginale-saine\/","title":{"rendered":"FLORE VAGINALE SAINE"},"content":{"rendered":"\n<p>La flore vaginale saine se compose essentiellement de lactobacilles, qui fabriquent comme produit d\u2019assimilation principalement de l\u2019acide lactique. Celui-ci cr\u00e9e dans le vagin un milieu l\u00e9g\u00e8rement acide avec des valeurs pH basses de 3,8 \u00e0 4,4. Ce milieu acide \u00e9vite que des germes pathog\u00e8nes ne puissent s\u2019installer et se propager. Le vagin avec une valeur de pH acide et une quantit\u00e9 suffisante de lactobacilles reste donc en bonne sant\u00e9. Le tampon ellen\u00a0probiotic contient exactement la quantit\u00e9 ad\u00e9quate de ces lactobacilles et emp\u00eache ainsi \u00e0 un d\u00e9s\u00e9quilibre bact\u00e9rien dans le vagin.<\/p>\n","protected":false},"excerpt":{"rendered":"<p>La flore vaginale saine se compose essentiellement de lactobacilles, qui fabriquent comme produit d\u2019assimilation principalement de l\u2019acide lactique. Celui-ci cr\u00e9e dans le vagin un milieu l\u00e9g\u00e8rement acide avec des valeurs pH basses de 3,8 \u00e0 4,4. Ce milieu acide \u00e9vite que des germes pathog\u00e8nes ne puissent s\u2019installer et se propager. Le vagin avec une valeur [&hellip;]<\/p>\n","protected":false},"author":1,"featured_media":0,"parent":685,"menu_order":0,"comment_status":"closed","ping_status":"closed","template":"","meta":{"_acf_changed":false,"footnotes":""},"class_list":["post-778","page","type-page","status-publish","hentry"],"acf":[],"yoast_head":"<!-- This site is optimized with the Yoast SEO plugin v24.1 - https:\/\/yoast.com\/wordpress\/plugins\/seo\/ -->\n<title>FLORE VAGINALE SAINE | ellen-tampon.ch<\/title>\n<meta name=\"robots\" content=\"index, follow, max-snippet:-1, max-image-preview:large, max-video-preview:-1\" \/>\n<link rel=\"canonical\" href=\"https:\/\/www.ellen-tampon.ch\/fr\/la-sante-intime-de-la-femme\/flore-vaginale-saine\/\" \/>\n<meta property=\"og:locale\" content=\"fr_FR\" \/>\n<meta property=\"og:type\" content=\"article\" \/>\n<meta property=\"og:title\" content=\"FLORE VAGINALE SAINE | ellen-tampon.ch\" \/>\n<meta property=\"og:description\" content=\"La flore vaginale saine se compose essentiellement de lactobacilles, qui fabriquent comme produit d\u2019assimilation principalement de l\u2019acide lactique. Celui-ci cr\u00e9e dans le vagin un milieu l\u00e9g\u00e8rement acide avec des valeurs pH basses de 3,8 \u00e0 4,4. Ce milieu acide \u00e9vite que des germes pathog\u00e8nes ne puissent s\u2019installer et se propager. Le vagin avec une valeur [&hellip;]\" \/>\n<meta property=\"og:url\" content=\"https:\/\/www.ellen-tampon.ch\/fr\/la-sante-intime-de-la-femme\/flore-vaginale-saine\/\" \/>\n<meta property=\"og:site_name\" content=\"ellen-tampon.ch\" \/>\n<meta property=\"article:modified_time\" content=\"2022-02-16T00:59:51+00:00\" \/>\n<meta name=\"twitter:card\" content=\"summary_large_image\" \/>\n<meta name=\"twitter:label1\" content=\"Dur\u00e9e de lecture estim\u00e9e\" \/>\n\t<meta name=\"twitter:data1\" content=\"1 minute\" \/>\n<script type=\"application\/ld+json\" class=\"yoast-schema-graph\">{\"@context\":\"https:\/\/schema.org\",\"@graph\":[{\"@type\":\"WebPage\",\"@id\":\"https:\/\/www.ellen-tampon.ch\/fr\/la-sante-intime-de-la-femme\/flore-vaginale-saine\/\",\"url\":\"https:\/\/www.ellen-tampon.ch\/fr\/la-sante-intime-de-la-femme\/flore-vaginale-saine\/\",\"name\":\"FLORE VAGINALE SAINE | ellen-tampon.ch\",\"isPartOf\":{\"@id\":\"https:\/\/www.ellen-tampon.ch\/#website\"},\"datePublished\":\"2021-05-14T12:20:13+00:00\",\"dateModified\":\"2022-02-16T00:59:51+00:00\",\"breadcrumb\":{\"@id\":\"https:\/\/www.ellen-tampon.ch\/fr\/la-sante-intime-de-la-femme\/flore-vaginale-saine\/#breadcrumb\"},\"inLanguage\":\"fr-FR\",\"potentialAction\":[{\"@type\":\"ReadAction\",\"target\":[\"https:\/\/www.ellen-tampon.ch\/fr\/la-sante-intime-de-la-femme\/flore-vaginale-saine\/\"]}]},{\"@type\":\"BreadcrumbList\",\"@id\":\"https:\/\/www.ellen-tampon.ch\/fr\/la-sante-intime-de-la-femme\/flore-vaginale-saine\/#breadcrumb\",\"itemListElement\":[{\"@type\":\"ListItem\",\"position\":1,\"name\":\"Startseite\",\"item\":\"https:\/\/www.ellen-tampon.ch\/fr\/\"},{\"@type\":\"ListItem\",\"position\":2,\"name\":\"LA SANT\u00c9 INTIME DE LA FEMME\",\"item\":\"https:\/\/www.ellen-tampon.ch\/fr\/la-sante-intime-de-la-femme\/\"},{\"@type\":\"ListItem\",\"position\":3,\"name\":\"FLORE VAGINALE SAINE\"}]},{\"@type\":\"WebSite\",\"@id\":\"https:\/\/www.ellen-tampon.ch\/#website\",\"url\":\"https:\/\/www.ellen-tampon.ch\/\",\"name\":\"ellen-tampon.ch\",\"description\":\"Tampon mit nat\u00fcrlichen Milchs\u00e4urebakterien\",\"potentialAction\":[{\"@type\":\"SearchAction\",\"target\":{\"@type\":\"EntryPoint\",\"urlTemplate\":\"https:\/\/www.ellen-tampon.ch\/?s={search_term_string}\"},\"query-input\":{\"@type\":\"PropertyValueSpecification\",\"valueRequired\":true,\"valueName\":\"search_term_string\"}}],\"inLanguage\":\"fr-FR\"}]}<\/script>\n<!-- \/ Yoast SEO plugin. -->","yoast_head_json":{"title":"FLORE VAGINALE SAINE | ellen-tampon.ch","robots":{"index":"index","follow":"follow","max-snippet":"max-snippet:-1","max-image-preview":"max-image-preview:large","max-video-preview":"max-video-preview:-1"},"canonical":"https:\/\/www.ellen-tampon.ch\/fr\/la-sante-intime-de-la-femme\/flore-vaginale-saine\/","og_locale":"fr_FR","og_type":"article","og_title":"FLORE VAGINALE SAINE | ellen-tampon.ch","og_description":"La flore vaginale saine se compose essentiellement de lactobacilles, qui fabriquent comme produit d\u2019assimilation principalement de l\u2019acide lactique. Celui-ci cr\u00e9e dans le vagin un milieu l\u00e9g\u00e8rement acide avec des valeurs pH basses de 3,8 \u00e0 4,4. Ce milieu acide \u00e9vite que des germes pathog\u00e8nes ne puissent s\u2019installer et se propager. Le vagin avec une valeur [&hellip;]","og_url":"https:\/\/www.ellen-tampon.ch\/fr\/la-sante-intime-de-la-femme\/flore-vaginale-saine\/","og_site_name":"ellen-tampon.ch","article_modified_time":"2022-02-16T00:59:51+00:00","twitter_card":"summary_large_image","twitter_misc":{"Dur\u00e9e de lecture estim\u00e9e":"1 minute"},"schema":{"@context":"https:\/\/schema.org","@graph":[{"@type":"WebPage","@id":"https:\/\/www.ellen-tampon.ch\/fr\/la-sante-intime-de-la-femme\/flore-vaginale-saine\/","url":"https:\/\/www.ellen-tampon.ch\/fr\/la-sante-intime-de-la-femme\/flore-vaginale-saine\/","name":"FLORE VAGINALE SAINE | ellen-tampon.ch","isPartOf":{"@id":"https:\/\/www.ellen-tampon.ch\/#website"},"datePublished":"2021-05-14T12:20:13+00:00","dateModified":"2022-02-16T00:59:51+00:00","breadcrumb":{"@id":"https:\/\/www.ellen-tampon.ch\/fr\/la-sante-intime-de-la-femme\/flore-vaginale-saine\/#breadcrumb"},"inLanguage":"fr-FR","potentialAction":[{"@type":"ReadAction","target":["https:\/\/www.ellen-tampon.ch\/fr\/la-sante-intime-de-la-femme\/flore-vaginale-saine\/"]}]},{"@type":"BreadcrumbList","@id":"https:\/\/www.ellen-tampon.ch\/fr\/la-sante-intime-de-la-femme\/flore-vaginale-saine\/#breadcrumb","itemListElement":[{"@type":"ListItem","position":1,"name":"Startseite","item":"https:\/\/www.ellen-tampon.ch\/fr\/"},{"@type":"ListItem","position":2,"name":"LA SANT\u00c9 INTIME DE LA FEMME","item":"https:\/\/www.ellen-tampon.ch\/fr\/la-sante-intime-de-la-femme\/"},{"@type":"ListItem","position":3,"name":"FLORE VAGINALE SAINE"}]},{"@type":"WebSite","@id":"https:\/\/www.ellen-tampon.ch\/#website","url":"https:\/\/www.ellen-tampon.ch\/","name":"ellen-tampon.ch","description":"Tampon mit nat\u00fcrlichen Milchs\u00e4urebakterien","potentialAction":[{"@type":"SearchAction","target":{"@type":"EntryPoint","urlTemplate":"https:\/\/www.ellen-tampon.ch\/?s={search_term_string}"},"query-input":{"@type":"PropertyValueSpecification","valueRequired":true,"valueName":"search_term_string"}}],"inLanguage":"fr-FR"}]}},"_links":{"self":[{"href":"https:\/\/www.ellen-tampon.ch\/fr\/wp-json\/wp\/v2\/pages\/778","targetHints":{"allow":["GET"]}}],"collection":[{"href":"https:\/\/www.ellen-tampon.ch\/fr\/wp-json\/wp\/v2\/pages"}],"about":[{"href":"https:\/\/www.ellen-tampon.ch\/fr\/wp-json\/wp\/v2\/types\/page"}],"author":[{"embeddable":true,"href":"https:\/\/www.ellen-tampon.ch\/fr\/wp-json\/wp\/v2\/users\/1"}],"replies":[{"embeddable":true,"href":"https:\/\/www.ellen-tampon.ch\/fr\/wp-json\/wp\/v2\/comments?post=778"}],"version-history":[{"count":3,"href":"https:\/\/www.ellen-tampon.ch\/fr\/wp-json\/wp\/v2\/pages\/778\/revisions"}],"predecessor-version":[{"id":1281,"href":"https:\/\/www.ellen-tampon.ch\/fr\/wp-json\/wp\/v2\/pages\/778\/revisions\/1281"}],"up":[{"embeddable":true,"href":"https:\/\/www.ellen-tampon.ch\/fr\/wp-json\/wp\/v2\/pages\/685"}],"wp:attachment":[{"href":"https:\/\/www.ellen-tampon.ch\/fr\/wp-json\/wp\/v2\/media?parent=778"}],"curies":[{"name":"wp","href":"https:\/\/api.w.org\/{rel}","templated":true}]}}