{"id":693,"date":"2021-05-14T10:46:05","date_gmt":"2021-05-14T10:46:05","guid":{"rendered":"https:\/\/www.ellen-tampon.ch\/impressum\/"},"modified":"2021-05-14T10:46:05","modified_gmt":"2021-05-14T10:46:05","slug":"impressum","status":"publish","type":"page","link":"https:\/\/www.ellen-tampon.ch\/fr\/impressum\/","title":{"rendered":"Impressum"},"content":{"rendered":"\n<p>General-Importeur f\u00fcr die Schweiz:<br\/>Dolsan AG<br\/>CH-8910 Affoltern a. A.<br\/>Telefon: +41 44 762 24 05<br\/>Fax +41 44 762 24 06<br\/>E-Mail:\u00a0<a href=\"mailto:info@dolsan.ch\">info@dolsan.ch<\/a><br\/><a href=\"http:\/\/www.dolsan.ch\/\" target=\"_blank\" rel=\"noreferrer noopener\">http:\/\/www.dolsan.ch<\/a><\/p>\n\n<p><strong>Haftungshinweis<\/strong><br\/>Trotz sorgf\u00e4ltiger inhaltlicher Kontrolle \u00fcbernehmen wir keine Haftung f\u00fcr die Inhalte externer Links. F\u00fcr den Inhalt der verlinkten Seiten sind ausschliesslich deren Betreiber verantwortlich.<\/p>\n","protected":false},"excerpt":{"rendered":"<p>General-Importeur f\u00fcr die Schweiz:Dolsan AGCH-8910 Affoltern a. A.Telefon: +41 44 762 24 05Fax +41 44 762 24 06E-Mail:\u00a0info@dolsan.chhttp:\/\/www.dolsan.ch HaftungshinweisTrotz sorgf\u00e4ltiger inhaltlicher Kontrolle \u00fcbernehmen wir keine Haftung f\u00fcr die Inhalte externer Links. F\u00fcr den Inhalt der verlinkten Seiten sind ausschliesslich deren Betreiber verantwortlich.<\/p>\n","protected":false},"author":1,"featured_media":0,"parent":0,"menu_order":0,"comment_status":"closed","ping_status":"closed","template":"","meta":{"_acf_changed":false,"footnotes":""},"class_list":["post-693","page","type-page","status-publish","hentry"],"acf":[],"yoast_head":"<!-- This site is optimized with the Yoast SEO plugin v24.1 - https:\/\/yoast.com\/wordpress\/plugins\/seo\/ -->\n<title>Impressum | ellen-tampon.ch<\/title>\n<meta name=\"robots\" content=\"index, follow, max-snippet:-1, max-image-preview:large, max-video-preview:-1\" \/>\n<link rel=\"canonical\" href=\"https:\/\/www.ellen-tampon.ch\/fr\/impressum\/\" \/>\n<meta property=\"og:locale\" content=\"fr_FR\" \/>\n<meta property=\"og:type\" content=\"article\" \/>\n<meta property=\"og:title\" content=\"Impressum | ellen-tampon.ch\" \/>\n<meta property=\"og:description\" content=\"General-Importeur f\u00fcr die Schweiz:Dolsan AGCH-8910 Affoltern a. A.Telefon: +41 44 762 24 05Fax +41 44 762 24 06E-Mail:\u00a0info@dolsan.chhttp:\/\/www.dolsan.ch HaftungshinweisTrotz sorgf\u00e4ltiger inhaltlicher Kontrolle \u00fcbernehmen wir keine Haftung f\u00fcr die Inhalte externer Links. F\u00fcr den Inhalt der verlinkten Seiten sind ausschliesslich deren Betreiber verantwortlich.\" \/>\n<meta property=\"og:url\" content=\"https:\/\/www.ellen-tampon.ch\/fr\/impressum\/\" \/>\n<meta property=\"og:site_name\" content=\"ellen-tampon.ch\" \/>\n<meta name=\"twitter:card\" content=\"summary_large_image\" \/>\n<script type=\"application\/ld+json\" class=\"yoast-schema-graph\">{\"@context\":\"https:\/\/schema.org\",\"@graph\":[{\"@type\":\"WebPage\",\"@id\":\"https:\/\/www.ellen-tampon.ch\/fr\/impressum\/\",\"url\":\"https:\/\/www.ellen-tampon.ch\/fr\/impressum\/\",\"name\":\"Impressum | ellen-tampon.ch\",\"isPartOf\":{\"@id\":\"https:\/\/www.ellen-tampon.ch\/#website\"},\"datePublished\":\"2021-05-14T10:46:05+00:00\",\"dateModified\":\"2021-05-14T10:46:05+00:00\",\"breadcrumb\":{\"@id\":\"https:\/\/www.ellen-tampon.ch\/fr\/impressum\/#breadcrumb\"},\"inLanguage\":\"fr-FR\",\"potentialAction\":[{\"@type\":\"ReadAction\",\"target\":[\"https:\/\/www.ellen-tampon.ch\/fr\/impressum\/\"]}]},{\"@type\":\"BreadcrumbList\",\"@id\":\"https:\/\/www.ellen-tampon.ch\/fr\/impressum\/#breadcrumb\",\"itemListElement\":[{\"@type\":\"ListItem\",\"position\":1,\"name\":\"Startseite\",\"item\":\"https:\/\/www.ellen-tampon.ch\/fr\/\"},{\"@type\":\"ListItem\",\"position\":2,\"name\":\"Impressum\"}]},{\"@type\":\"WebSite\",\"@id\":\"https:\/\/www.ellen-tampon.ch\/#website\",\"url\":\"https:\/\/www.ellen-tampon.ch\/\",\"name\":\"ellen-tampon.ch\",\"description\":\"Tampon mit nat\u00fcrlichen Milchs\u00e4urebakterien\",\"potentialAction\":[{\"@type\":\"SearchAction\",\"target\":{\"@type\":\"EntryPoint\",\"urlTemplate\":\"https:\/\/www.ellen-tampon.ch\/?s={search_term_string}\"},\"query-input\":{\"@type\":\"PropertyValueSpecification\",\"valueRequired\":true,\"valueName\":\"search_term_string\"}}],\"inLanguage\":\"fr-FR\"}]}<\/script>\n<!-- \/ Yoast SEO plugin. -->","yoast_head_json":{"title":"Impressum | ellen-tampon.ch","robots":{"index":"index","follow":"follow","max-snippet":"max-snippet:-1","max-image-preview":"max-image-preview:large","max-video-preview":"max-video-preview:-1"},"canonical":"https:\/\/www.ellen-tampon.ch\/fr\/impressum\/","og_locale":"fr_FR","og_type":"article","og_title":"Impressum | ellen-tampon.ch","og_description":"General-Importeur f\u00fcr die Schweiz:Dolsan AGCH-8910 Affoltern a. A.Telefon: +41 44 762 24 05Fax +41 44 762 24 06E-Mail:\u00a0info@dolsan.chhttp:\/\/www.dolsan.ch HaftungshinweisTrotz sorgf\u00e4ltiger inhaltlicher Kontrolle \u00fcbernehmen wir keine Haftung f\u00fcr die Inhalte externer Links. F\u00fcr den Inhalt der verlinkten Seiten sind ausschliesslich deren Betreiber verantwortlich.","og_url":"https:\/\/www.ellen-tampon.ch\/fr\/impressum\/","og_site_name":"ellen-tampon.ch","twitter_card":"summary_large_image","schema":{"@context":"https:\/\/schema.org","@graph":[{"@type":"WebPage","@id":"https:\/\/www.ellen-tampon.ch\/fr\/impressum\/","url":"https:\/\/www.ellen-tampon.ch\/fr\/impressum\/","name":"Impressum | ellen-tampon.ch","isPartOf":{"@id":"https:\/\/www.ellen-tampon.ch\/#website"},"datePublished":"2021-05-14T10:46:05+00:00","dateModified":"2021-05-14T10:46:05+00:00","breadcrumb":{"@id":"https:\/\/www.ellen-tampon.ch\/fr\/impressum\/#breadcrumb"},"inLanguage":"fr-FR","potentialAction":[{"@type":"ReadAction","target":["https:\/\/www.ellen-tampon.ch\/fr\/impressum\/"]}]},{"@type":"BreadcrumbList","@id":"https:\/\/www.ellen-tampon.ch\/fr\/impressum\/#breadcrumb","itemListElement":[{"@type":"ListItem","position":1,"name":"Startseite","item":"https:\/\/www.ellen-tampon.ch\/fr\/"},{"@type":"ListItem","position":2,"name":"Impressum"}]},{"@type":"WebSite","@id":"https:\/\/www.ellen-tampon.ch\/#website","url":"https:\/\/www.ellen-tampon.ch\/","name":"ellen-tampon.ch","description":"Tampon mit nat\u00fcrlichen Milchs\u00e4urebakterien","potentialAction":[{"@type":"SearchAction","target":{"@type":"EntryPoint","urlTemplate":"https:\/\/www.ellen-tampon.ch\/?s={search_term_string}"},"query-input":{"@type":"PropertyValueSpecification","valueRequired":true,"valueName":"search_term_string"}}],"inLanguage":"fr-FR"}]}},"_links":{"self":[{"href":"https:\/\/www.ellen-tampon.ch\/fr\/wp-json\/wp\/v2\/pages\/693","targetHints":{"allow":["GET"]}}],"collection":[{"href":"https:\/\/www.ellen-tampon.ch\/fr\/wp-json\/wp\/v2\/pages"}],"about":[{"href":"https:\/\/www.ellen-tampon.ch\/fr\/wp-json\/wp\/v2\/types\/page"}],"author":[{"embeddable":true,"href":"https:\/\/www.ellen-tampon.ch\/fr\/wp-json\/wp\/v2\/users\/1"}],"replies":[{"embeddable":true,"href":"https:\/\/www.ellen-tampon.ch\/fr\/wp-json\/wp\/v2\/comments?post=693"}],"version-history":[{"count":1,"href":"https:\/\/www.ellen-tampon.ch\/fr\/wp-json\/wp\/v2\/pages\/693\/revisions"}],"predecessor-version":[{"id":694,"href":"https:\/\/www.ellen-tampon.ch\/fr\/wp-json\/wp\/v2\/pages\/693\/revisions\/694"}],"wp:attachment":[{"href":"https:\/\/www.ellen-tampon.ch\/fr\/wp-json\/wp\/v2\/media?parent=693"}],"curies":[{"name":"wp","href":"https:\/\/api.w.org\/{rel}","templated":true}]}}