{"id":685,"date":"2021-05-14T10:35:27","date_gmt":"2021-05-14T10:35:27","guid":{"rendered":"https:\/\/www.ellen-tampon.ch\/la-sante-intime-de-la-femme\/"},"modified":"2021-05-17T05:59:43","modified_gmt":"2021-05-17T05:59:43","slug":"la-sante-intime-de-la-femme","status":"publish","type":"page","link":"https:\/\/www.ellen-tampon.ch\/fr\/la-sante-intime-de-la-femme\/","title":{"rendered":"LA SANT\u00c9 INTIME DE LA FEMME"},"content":{"rendered":"\n<p>M\u00eame si cela para\u00eet quelque peu \u00e9trange, notre corps a besoin de bact\u00e9ries pour un bon fonctionnement : Les bact\u00e9ries sont tr\u00e8s importantes pour notre sant\u00e9 ! Elles vivent sur et dans notre organisme et sont appel\u00e9es commun\u00e9ment la flore bact\u00e9rienne. Leur t\u00e2che principale : Elles tiennent les germes pathog\u00e8nes en \u00e9chec. Nous distinguons les bact\u00e9ries de la flore cutan\u00e9e, ce sont toutes les bact\u00e9ries qui vivent sur la peau, (p. ex. les staphylocoques), de la flore intestinale (p. ex. Coli Escherichia) et de la flore vaginale.<\/p>\n","protected":false},"excerpt":{"rendered":"<p>M\u00eame si cela para\u00eet quelque peu \u00e9trange, notre corps a besoin de bact\u00e9ries pour un bon fonctionnement : Les bact\u00e9ries sont tr\u00e8s importantes pour notre sant\u00e9 ! Elles vivent sur et dans notre organisme et sont appel\u00e9es commun\u00e9ment la flore bact\u00e9rienne. Leur t\u00e2che principale : Elles tiennent les germes pathog\u00e8nes en \u00e9chec. Nous distinguons les [&hellip;]<\/p>\n","protected":false},"author":1,"featured_media":0,"parent":0,"menu_order":0,"comment_status":"closed","ping_status":"closed","template":"","meta":{"_acf_changed":false,"footnotes":""},"class_list":["post-685","page","type-page","status-publish","hentry"],"acf":[],"yoast_head":"<!-- This site is optimized with the Yoast SEO plugin v24.1 - https:\/\/yoast.com\/wordpress\/plugins\/seo\/ -->\n<title>LA SANT\u00c9 INTIME DE LA FEMME | ellen-tampon.ch<\/title>\n<meta name=\"robots\" content=\"index, follow, max-snippet:-1, max-image-preview:large, max-video-preview:-1\" \/>\n<link rel=\"canonical\" href=\"https:\/\/www.ellen-tampon.ch\/fr\/la-sante-intime-de-la-femme\/\" \/>\n<meta property=\"og:locale\" content=\"fr_FR\" \/>\n<meta property=\"og:type\" content=\"article\" \/>\n<meta property=\"og:title\" content=\"LA SANT\u00c9 INTIME DE LA FEMME | ellen-tampon.ch\" \/>\n<meta property=\"og:description\" content=\"M\u00eame si cela para\u00eet quelque peu \u00e9trange, notre corps a besoin de bact\u00e9ries pour un bon fonctionnement : Les bact\u00e9ries sont tr\u00e8s importantes pour notre sant\u00e9 ! Elles vivent sur et dans notre organisme et sont appel\u00e9es commun\u00e9ment la flore bact\u00e9rienne. Leur t\u00e2che principale : Elles tiennent les germes pathog\u00e8nes en \u00e9chec. Nous distinguons les [&hellip;]\" \/>\n<meta property=\"og:url\" content=\"https:\/\/www.ellen-tampon.ch\/fr\/la-sante-intime-de-la-femme\/\" \/>\n<meta property=\"og:site_name\" content=\"ellen-tampon.ch\" \/>\n<meta property=\"article:modified_time\" content=\"2021-05-17T05:59:43+00:00\" \/>\n<meta name=\"twitter:card\" content=\"summary_large_image\" \/>\n<meta name=\"twitter:label1\" content=\"Dur\u00e9e de lecture estim\u00e9e\" \/>\n\t<meta name=\"twitter:data1\" content=\"1 minute\" \/>\n<script type=\"application\/ld+json\" class=\"yoast-schema-graph\">{\"@context\":\"https:\/\/schema.org\",\"@graph\":[{\"@type\":\"WebPage\",\"@id\":\"https:\/\/www.ellen-tampon.ch\/fr\/la-sante-intime-de-la-femme\/\",\"url\":\"https:\/\/www.ellen-tampon.ch\/fr\/la-sante-intime-de-la-femme\/\",\"name\":\"LA SANT\u00c9 INTIME DE LA FEMME | ellen-tampon.ch\",\"isPartOf\":{\"@id\":\"https:\/\/www.ellen-tampon.ch\/#website\"},\"datePublished\":\"2021-05-14T10:35:27+00:00\",\"dateModified\":\"2021-05-17T05:59:43+00:00\",\"breadcrumb\":{\"@id\":\"https:\/\/www.ellen-tampon.ch\/fr\/la-sante-intime-de-la-femme\/#breadcrumb\"},\"inLanguage\":\"fr-FR\",\"potentialAction\":[{\"@type\":\"ReadAction\",\"target\":[\"https:\/\/www.ellen-tampon.ch\/fr\/la-sante-intime-de-la-femme\/\"]}]},{\"@type\":\"BreadcrumbList\",\"@id\":\"https:\/\/www.ellen-tampon.ch\/fr\/la-sante-intime-de-la-femme\/#breadcrumb\",\"itemListElement\":[{\"@type\":\"ListItem\",\"position\":1,\"name\":\"Startseite\",\"item\":\"https:\/\/www.ellen-tampon.ch\/fr\/\"},{\"@type\":\"ListItem\",\"position\":2,\"name\":\"LA SANT\u00c9 INTIME DE LA FEMME\"}]},{\"@type\":\"WebSite\",\"@id\":\"https:\/\/www.ellen-tampon.ch\/#website\",\"url\":\"https:\/\/www.ellen-tampon.ch\/\",\"name\":\"ellen-tampon.ch\",\"description\":\"Tampon mit nat\u00fcrlichen Milchs\u00e4urebakterien\",\"potentialAction\":[{\"@type\":\"SearchAction\",\"target\":{\"@type\":\"EntryPoint\",\"urlTemplate\":\"https:\/\/www.ellen-tampon.ch\/?s={search_term_string}\"},\"query-input\":{\"@type\":\"PropertyValueSpecification\",\"valueRequired\":true,\"valueName\":\"search_term_string\"}}],\"inLanguage\":\"fr-FR\"}]}<\/script>\n<!-- \/ Yoast SEO plugin. -->","yoast_head_json":{"title":"LA SANT\u00c9 INTIME DE LA FEMME | ellen-tampon.ch","robots":{"index":"index","follow":"follow","max-snippet":"max-snippet:-1","max-image-preview":"max-image-preview:large","max-video-preview":"max-video-preview:-1"},"canonical":"https:\/\/www.ellen-tampon.ch\/fr\/la-sante-intime-de-la-femme\/","og_locale":"fr_FR","og_type":"article","og_title":"LA SANT\u00c9 INTIME DE LA FEMME | ellen-tampon.ch","og_description":"M\u00eame si cela para\u00eet quelque peu \u00e9trange, notre corps a besoin de bact\u00e9ries pour un bon fonctionnement : Les bact\u00e9ries sont tr\u00e8s importantes pour notre sant\u00e9 ! Elles vivent sur et dans notre organisme et sont appel\u00e9es commun\u00e9ment la flore bact\u00e9rienne. Leur t\u00e2che principale : Elles tiennent les germes pathog\u00e8nes en \u00e9chec. Nous distinguons les [&hellip;]","og_url":"https:\/\/www.ellen-tampon.ch\/fr\/la-sante-intime-de-la-femme\/","og_site_name":"ellen-tampon.ch","article_modified_time":"2021-05-17T05:59:43+00:00","twitter_card":"summary_large_image","twitter_misc":{"Dur\u00e9e de lecture estim\u00e9e":"1 minute"},"schema":{"@context":"https:\/\/schema.org","@graph":[{"@type":"WebPage","@id":"https:\/\/www.ellen-tampon.ch\/fr\/la-sante-intime-de-la-femme\/","url":"https:\/\/www.ellen-tampon.ch\/fr\/la-sante-intime-de-la-femme\/","name":"LA SANT\u00c9 INTIME DE LA FEMME | ellen-tampon.ch","isPartOf":{"@id":"https:\/\/www.ellen-tampon.ch\/#website"},"datePublished":"2021-05-14T10:35:27+00:00","dateModified":"2021-05-17T05:59:43+00:00","breadcrumb":{"@id":"https:\/\/www.ellen-tampon.ch\/fr\/la-sante-intime-de-la-femme\/#breadcrumb"},"inLanguage":"fr-FR","potentialAction":[{"@type":"ReadAction","target":["https:\/\/www.ellen-tampon.ch\/fr\/la-sante-intime-de-la-femme\/"]}]},{"@type":"BreadcrumbList","@id":"https:\/\/www.ellen-tampon.ch\/fr\/la-sante-intime-de-la-femme\/#breadcrumb","itemListElement":[{"@type":"ListItem","position":1,"name":"Startseite","item":"https:\/\/www.ellen-tampon.ch\/fr\/"},{"@type":"ListItem","position":2,"name":"LA SANT\u00c9 INTIME DE LA FEMME"}]},{"@type":"WebSite","@id":"https:\/\/www.ellen-tampon.ch\/#website","url":"https:\/\/www.ellen-tampon.ch\/","name":"ellen-tampon.ch","description":"Tampon mit nat\u00fcrlichen Milchs\u00e4urebakterien","potentialAction":[{"@type":"SearchAction","target":{"@type":"EntryPoint","urlTemplate":"https:\/\/www.ellen-tampon.ch\/?s={search_term_string}"},"query-input":{"@type":"PropertyValueSpecification","valueRequired":true,"valueName":"search_term_string"}}],"inLanguage":"fr-FR"}]}},"_links":{"self":[{"href":"https:\/\/www.ellen-tampon.ch\/fr\/wp-json\/wp\/v2\/pages\/685","targetHints":{"allow":["GET"]}}],"collection":[{"href":"https:\/\/www.ellen-tampon.ch\/fr\/wp-json\/wp\/v2\/pages"}],"about":[{"href":"https:\/\/www.ellen-tampon.ch\/fr\/wp-json\/wp\/v2\/types\/page"}],"author":[{"embeddable":true,"href":"https:\/\/www.ellen-tampon.ch\/fr\/wp-json\/wp\/v2\/users\/1"}],"replies":[{"embeddable":true,"href":"https:\/\/www.ellen-tampon.ch\/fr\/wp-json\/wp\/v2\/comments?post=685"}],"version-history":[{"count":3,"href":"https:\/\/www.ellen-tampon.ch\/fr\/wp-json\/wp\/v2\/pages\/685\/revisions"}],"predecessor-version":[{"id":1062,"href":"https:\/\/www.ellen-tampon.ch\/fr\/wp-json\/wp\/v2\/pages\/685\/revisions\/1062"}],"wp:attachment":[{"href":"https:\/\/www.ellen-tampon.ch\/fr\/wp-json\/wp\/v2\/media?parent=685"}],"curies":[{"name":"wp","href":"https:\/\/api.w.org\/{rel}","templated":true}]}}