{"id":653,"date":"2021-05-14T09:37:09","date_gmt":"2021-05-14T09:37:09","guid":{"rendered":"https:\/\/www.ellen-tampon.ch\/conservation\/"},"modified":"2021-05-17T05:51:15","modified_gmt":"2021-05-17T05:51:15","slug":"conservation","status":"publish","type":"page","link":"https:\/\/www.ellen-tampon.ch\/fr\/important-savoir\/conservation\/","title":{"rendered":"CONSERVATION"},"content":{"rendered":"\n<p>Afin de pouvoir garder l\u2019effet probiotique nous recommandons de prot\u00e9ger ellen\u00ae des rayons solaire, de l\u2019humidit\u00e9 excessive et des temp\u00e9ratures de plus de 25 \u00b0C. Si vous retirez un tampon de la bo\u00eete maintenez soigneusement le petit sachet \u00ab absorbeur d\u2019humidit\u00e9 \u00bb dans la bo\u00eete et refermez-la imm\u00e9diatement avec le petit couvercle en plastique. De cette mani\u00e8re le probiotic LN\u00ae sera prot\u00e9g\u00e9 de l\u2019humidit\u00e9. Utilisez ellen\u00ae avant la fin de la date de p\u00e9remption qui est indiqu\u00e9e sur le fond de chaque bo\u00eete. En cas d\u2019utilisation d\u2019 ellen\u00ae apr\u00e8s cette date l\u2019effet probiotique peut \u00eatre diminu\u00e9. La s\u00e9curit\u00e9 du tampon n\u2019en est pas r\u00e9duite pour autant.<\/p>\n","protected":false},"excerpt":{"rendered":"<p>Afin de pouvoir garder l\u2019effet probiotique nous recommandons de prot\u00e9ger ellen\u00ae des rayons solaire, de l\u2019humidit\u00e9 excessive et des temp\u00e9ratures de plus de 25 \u00b0C. Si vous retirez un tampon de la bo\u00eete maintenez soigneusement le petit sachet \u00ab absorbeur d\u2019humidit\u00e9 \u00bb dans la bo\u00eete et refermez-la imm\u00e9diatement avec le petit couvercle en plastique. De [&hellip;]<\/p>\n","protected":false},"author":1,"featured_media":0,"parent":648,"menu_order":0,"comment_status":"closed","ping_status":"closed","template":"","meta":{"_acf_changed":false,"footnotes":""},"class_list":["post-653","page","type-page","status-publish","hentry"],"acf":[],"yoast_head":"<!-- This site is optimized with the Yoast SEO plugin v24.1 - https:\/\/yoast.com\/wordpress\/plugins\/seo\/ -->\n<title>CONSERVATION | ellen-tampon.ch<\/title>\n<meta name=\"robots\" content=\"index, follow, max-snippet:-1, max-image-preview:large, max-video-preview:-1\" \/>\n<link rel=\"canonical\" href=\"https:\/\/www.ellen-tampon.ch\/fr\/important-savoir\/conservation\/\" \/>\n<meta property=\"og:locale\" content=\"fr_FR\" \/>\n<meta property=\"og:type\" content=\"article\" \/>\n<meta property=\"og:title\" content=\"CONSERVATION | ellen-tampon.ch\" \/>\n<meta property=\"og:description\" content=\"Afin de pouvoir garder l\u2019effet probiotique nous recommandons de prot\u00e9ger ellen\u00ae des rayons solaire, de l\u2019humidit\u00e9 excessive et des temp\u00e9ratures de plus de 25 \u00b0C. Si vous retirez un tampon de la bo\u00eete maintenez soigneusement le petit sachet \u00ab absorbeur d\u2019humidit\u00e9 \u00bb dans la bo\u00eete et refermez-la imm\u00e9diatement avec le petit couvercle en plastique. De [&hellip;]\" \/>\n<meta property=\"og:url\" content=\"https:\/\/www.ellen-tampon.ch\/fr\/important-savoir\/conservation\/\" \/>\n<meta property=\"og:site_name\" content=\"ellen-tampon.ch\" \/>\n<meta property=\"article:modified_time\" content=\"2021-05-17T05:51:15+00:00\" \/>\n<meta name=\"twitter:card\" content=\"summary_large_image\" \/>\n<meta name=\"twitter:label1\" content=\"Dur\u00e9e de lecture estim\u00e9e\" \/>\n\t<meta name=\"twitter:data1\" content=\"1 minute\" \/>\n<script type=\"application\/ld+json\" class=\"yoast-schema-graph\">{\"@context\":\"https:\/\/schema.org\",\"@graph\":[{\"@type\":\"WebPage\",\"@id\":\"https:\/\/www.ellen-tampon.ch\/fr\/important-savoir\/conservation\/\",\"url\":\"https:\/\/www.ellen-tampon.ch\/fr\/important-savoir\/conservation\/\",\"name\":\"CONSERVATION | ellen-tampon.ch\",\"isPartOf\":{\"@id\":\"https:\/\/www.ellen-tampon.ch\/#website\"},\"datePublished\":\"2021-05-14T09:37:09+00:00\",\"dateModified\":\"2021-05-17T05:51:15+00:00\",\"breadcrumb\":{\"@id\":\"https:\/\/www.ellen-tampon.ch\/fr\/important-savoir\/conservation\/#breadcrumb\"},\"inLanguage\":\"fr-FR\",\"potentialAction\":[{\"@type\":\"ReadAction\",\"target\":[\"https:\/\/www.ellen-tampon.ch\/fr\/important-savoir\/conservation\/\"]}]},{\"@type\":\"BreadcrumbList\",\"@id\":\"https:\/\/www.ellen-tampon.ch\/fr\/important-savoir\/conservation\/#breadcrumb\",\"itemListElement\":[{\"@type\":\"ListItem\",\"position\":1,\"name\":\"Startseite\",\"item\":\"https:\/\/www.ellen-tampon.ch\/fr\/\"},{\"@type\":\"ListItem\",\"position\":2,\"name\":\"Privat: IMPORTANT A SAVOIR\",\"item\":\"https:\/\/www.ellen-tampon.ch\/fr\/important-savoir\/\"},{\"@type\":\"ListItem\",\"position\":3,\"name\":\"Privat: CONSERVATION\"}]},{\"@type\":\"WebSite\",\"@id\":\"https:\/\/www.ellen-tampon.ch\/#website\",\"url\":\"https:\/\/www.ellen-tampon.ch\/\",\"name\":\"ellen-tampon.ch\",\"description\":\"Tampon mit nat\u00fcrlichen Milchs\u00e4urebakterien\",\"potentialAction\":[{\"@type\":\"SearchAction\",\"target\":{\"@type\":\"EntryPoint\",\"urlTemplate\":\"https:\/\/www.ellen-tampon.ch\/?s={search_term_string}\"},\"query-input\":{\"@type\":\"PropertyValueSpecification\",\"valueRequired\":true,\"valueName\":\"search_term_string\"}}],\"inLanguage\":\"fr-FR\"}]}<\/script>\n<!-- \/ Yoast SEO plugin. -->","yoast_head_json":{"title":"CONSERVATION | ellen-tampon.ch","robots":{"index":"index","follow":"follow","max-snippet":"max-snippet:-1","max-image-preview":"max-image-preview:large","max-video-preview":"max-video-preview:-1"},"canonical":"https:\/\/www.ellen-tampon.ch\/fr\/important-savoir\/conservation\/","og_locale":"fr_FR","og_type":"article","og_title":"CONSERVATION | ellen-tampon.ch","og_description":"Afin de pouvoir garder l\u2019effet probiotique nous recommandons de prot\u00e9ger ellen\u00ae des rayons solaire, de l\u2019humidit\u00e9 excessive et des temp\u00e9ratures de plus de 25 \u00b0C. Si vous retirez un tampon de la bo\u00eete maintenez soigneusement le petit sachet \u00ab absorbeur d\u2019humidit\u00e9 \u00bb dans la bo\u00eete et refermez-la imm\u00e9diatement avec le petit couvercle en plastique. De [&hellip;]","og_url":"https:\/\/www.ellen-tampon.ch\/fr\/important-savoir\/conservation\/","og_site_name":"ellen-tampon.ch","article_modified_time":"2021-05-17T05:51:15+00:00","twitter_card":"summary_large_image","twitter_misc":{"Dur\u00e9e de lecture estim\u00e9e":"1 minute"},"schema":{"@context":"https:\/\/schema.org","@graph":[{"@type":"WebPage","@id":"https:\/\/www.ellen-tampon.ch\/fr\/important-savoir\/conservation\/","url":"https:\/\/www.ellen-tampon.ch\/fr\/important-savoir\/conservation\/","name":"CONSERVATION | ellen-tampon.ch","isPartOf":{"@id":"https:\/\/www.ellen-tampon.ch\/#website"},"datePublished":"2021-05-14T09:37:09+00:00","dateModified":"2021-05-17T05:51:15+00:00","breadcrumb":{"@id":"https:\/\/www.ellen-tampon.ch\/fr\/important-savoir\/conservation\/#breadcrumb"},"inLanguage":"fr-FR","potentialAction":[{"@type":"ReadAction","target":["https:\/\/www.ellen-tampon.ch\/fr\/important-savoir\/conservation\/"]}]},{"@type":"BreadcrumbList","@id":"https:\/\/www.ellen-tampon.ch\/fr\/important-savoir\/conservation\/#breadcrumb","itemListElement":[{"@type":"ListItem","position":1,"name":"Startseite","item":"https:\/\/www.ellen-tampon.ch\/fr\/"},{"@type":"ListItem","position":2,"name":"Privat: IMPORTANT A SAVOIR","item":"https:\/\/www.ellen-tampon.ch\/fr\/important-savoir\/"},{"@type":"ListItem","position":3,"name":"Privat: CONSERVATION"}]},{"@type":"WebSite","@id":"https:\/\/www.ellen-tampon.ch\/#website","url":"https:\/\/www.ellen-tampon.ch\/","name":"ellen-tampon.ch","description":"Tampon mit nat\u00fcrlichen Milchs\u00e4urebakterien","potentialAction":[{"@type":"SearchAction","target":{"@type":"EntryPoint","urlTemplate":"https:\/\/www.ellen-tampon.ch\/?s={search_term_string}"},"query-input":{"@type":"PropertyValueSpecification","valueRequired":true,"valueName":"search_term_string"}}],"inLanguage":"fr-FR"}]}},"_links":{"self":[{"href":"https:\/\/www.ellen-tampon.ch\/fr\/wp-json\/wp\/v2\/pages\/653","targetHints":{"allow":["GET"]}}],"collection":[{"href":"https:\/\/www.ellen-tampon.ch\/fr\/wp-json\/wp\/v2\/pages"}],"about":[{"href":"https:\/\/www.ellen-tampon.ch\/fr\/wp-json\/wp\/v2\/types\/page"}],"author":[{"embeddable":true,"href":"https:\/\/www.ellen-tampon.ch\/fr\/wp-json\/wp\/v2\/users\/1"}],"replies":[{"embeddable":true,"href":"https:\/\/www.ellen-tampon.ch\/fr\/wp-json\/wp\/v2\/comments?post=653"}],"version-history":[{"count":3,"href":"https:\/\/www.ellen-tampon.ch\/fr\/wp-json\/wp\/v2\/pages\/653\/revisions"}],"predecessor-version":[{"id":1055,"href":"https:\/\/www.ellen-tampon.ch\/fr\/wp-json\/wp\/v2\/pages\/653\/revisions\/1055"}],"up":[{"embeddable":true,"href":"https:\/\/www.ellen-tampon.ch\/fr\/wp-json\/wp\/v2\/pages\/648"}],"wp:attachment":[{"href":"https:\/\/www.ellen-tampon.ch\/fr\/wp-json\/wp\/v2\/media?parent=653"}],"curies":[{"name":"wp","href":"https:\/\/api.w.org\/{rel}","templated":true}]}}