{"id":632,"date":"2021-05-14T08:17:47","date_gmt":"2021-05-14T08:17:47","guid":{"rendered":"https:\/\/www.ellen-tampon.ch\/a-quel-moment-faut-il-utiliser-ellen\/"},"modified":"2022-02-16T01:02:14","modified_gmt":"2022-02-16T01:02:14","slug":"quel-moment-faut-il-utiliser-ellen","status":"publish","type":"page","link":"https:\/\/www.ellen-tampon.ch\/fr\/utilisation\/quel-moment-faut-il-utiliser-ellen\/","title":{"rendered":"A QUEL MOMENT FAUT-IL UTILISER ellen?"},"content":{"rendered":"\n<p>ellen Probiotic Tampon est une protection contre le flux menstruel comme tout autre tampon et devrait de ce fait \u00eatre utilis\u00e9 uniquement durant la menstruation. Les lactobacilles pr\u00e9sents dans ellen seront lib\u00e9r\u00e9s uniquement par la temp\u00e9rature corporelle et la pr\u00e9sence d\u2019une humidit\u00e9 suffisante. Ils vont ensuite se fixer dans le vagin et r\u00e9gulariser sa flore.<\/p>\n\n\n\n<p>L\u2019utilisation d\u2019ellen hors de la menstruation, \u00e0 la m\u00e9nopause et durant la grossesse n\u2019est pas recommand\u00e9. Un tampon dess\u00e8che la flore vaginale si l\u2019apport en liquide n\u2019est pas suffisant, et la rend plus vuln\u00e9rable par rapport aux infections. En plus l\u2019utilisation pourrait s\u2019av\u00e9rer douloureuse.<\/p>\n","protected":false},"excerpt":{"rendered":"<p>ellen Probiotic Tampon est une protection contre le flux menstruel comme tout autre tampon et devrait de ce fait \u00eatre utilis\u00e9 uniquement durant la menstruation. Les lactobacilles pr\u00e9sents dans ellen seront lib\u00e9r\u00e9s uniquement par la temp\u00e9rature corporelle et la pr\u00e9sence d\u2019une humidit\u00e9 suffisante. Ils vont ensuite se fixer dans le vagin et r\u00e9gulariser sa flore. [&hellip;]<\/p>\n","protected":false},"author":1,"featured_media":0,"parent":627,"menu_order":0,"comment_status":"closed","ping_status":"closed","template":"","meta":{"_acf_changed":false,"footnotes":""},"class_list":["post-632","page","type-page","status-publish","hentry"],"acf":[],"yoast_head":"<!-- This site is optimized with the Yoast SEO plugin v24.1 - https:\/\/yoast.com\/wordpress\/plugins\/seo\/ -->\n<title>A QUEL MOMENT FAUT-IL UTILISER ellen? | ellen-tampon.ch<\/title>\n<meta name=\"robots\" content=\"index, follow, max-snippet:-1, max-image-preview:large, max-video-preview:-1\" \/>\n<link rel=\"canonical\" href=\"https:\/\/www.ellen-tampon.ch\/fr\/utilisation\/quel-moment-faut-il-utiliser-ellen\/\" \/>\n<meta property=\"og:locale\" content=\"fr_FR\" \/>\n<meta property=\"og:type\" content=\"article\" \/>\n<meta property=\"og:title\" content=\"A QUEL MOMENT FAUT-IL UTILISER ellen? | ellen-tampon.ch\" \/>\n<meta property=\"og:description\" content=\"ellen Probiotic Tampon est une protection contre le flux menstruel comme tout autre tampon et devrait de ce fait \u00eatre utilis\u00e9 uniquement durant la menstruation. Les lactobacilles pr\u00e9sents dans ellen seront lib\u00e9r\u00e9s uniquement par la temp\u00e9rature corporelle et la pr\u00e9sence d\u2019une humidit\u00e9 suffisante. Ils vont ensuite se fixer dans le vagin et r\u00e9gulariser sa flore. [&hellip;]\" \/>\n<meta property=\"og:url\" content=\"https:\/\/www.ellen-tampon.ch\/fr\/utilisation\/quel-moment-faut-il-utiliser-ellen\/\" \/>\n<meta property=\"og:site_name\" content=\"ellen-tampon.ch\" \/>\n<meta property=\"article:modified_time\" content=\"2022-02-16T01:02:14+00:00\" \/>\n<meta name=\"twitter:card\" content=\"summary_large_image\" \/>\n<meta name=\"twitter:label1\" content=\"Dur\u00e9e de lecture estim\u00e9e\" \/>\n\t<meta name=\"twitter:data1\" content=\"1 minute\" \/>\n<script type=\"application\/ld+json\" class=\"yoast-schema-graph\">{\"@context\":\"https:\/\/schema.org\",\"@graph\":[{\"@type\":\"WebPage\",\"@id\":\"https:\/\/www.ellen-tampon.ch\/fr\/utilisation\/quel-moment-faut-il-utiliser-ellen\/\",\"url\":\"https:\/\/www.ellen-tampon.ch\/fr\/utilisation\/quel-moment-faut-il-utiliser-ellen\/\",\"name\":\"A QUEL MOMENT FAUT-IL UTILISER ellen? | ellen-tampon.ch\",\"isPartOf\":{\"@id\":\"https:\/\/www.ellen-tampon.ch\/#website\"},\"datePublished\":\"2021-05-14T08:17:47+00:00\",\"dateModified\":\"2022-02-16T01:02:14+00:00\",\"breadcrumb\":{\"@id\":\"https:\/\/www.ellen-tampon.ch\/fr\/utilisation\/quel-moment-faut-il-utiliser-ellen\/#breadcrumb\"},\"inLanguage\":\"fr-FR\",\"potentialAction\":[{\"@type\":\"ReadAction\",\"target\":[\"https:\/\/www.ellen-tampon.ch\/fr\/utilisation\/quel-moment-faut-il-utiliser-ellen\/\"]}]},{\"@type\":\"BreadcrumbList\",\"@id\":\"https:\/\/www.ellen-tampon.ch\/fr\/utilisation\/quel-moment-faut-il-utiliser-ellen\/#breadcrumb\",\"itemListElement\":[{\"@type\":\"ListItem\",\"position\":1,\"name\":\"Startseite\",\"item\":\"https:\/\/www.ellen-tampon.ch\/fr\/\"},{\"@type\":\"ListItem\",\"position\":2,\"name\":\"UTILISATION\",\"item\":\"https:\/\/www.ellen-tampon.ch\/fr\/utilisation\/\"},{\"@type\":\"ListItem\",\"position\":3,\"name\":\"A QUEL MOMENT FAUT-IL UTILISER ellen?\"}]},{\"@type\":\"WebSite\",\"@id\":\"https:\/\/www.ellen-tampon.ch\/#website\",\"url\":\"https:\/\/www.ellen-tampon.ch\/\",\"name\":\"ellen-tampon.ch\",\"description\":\"Tampon mit nat\u00fcrlichen Milchs\u00e4urebakterien\",\"potentialAction\":[{\"@type\":\"SearchAction\",\"target\":{\"@type\":\"EntryPoint\",\"urlTemplate\":\"https:\/\/www.ellen-tampon.ch\/?s={search_term_string}\"},\"query-input\":{\"@type\":\"PropertyValueSpecification\",\"valueRequired\":true,\"valueName\":\"search_term_string\"}}],\"inLanguage\":\"fr-FR\"}]}<\/script>\n<!-- \/ Yoast SEO plugin. -->","yoast_head_json":{"title":"A QUEL MOMENT FAUT-IL UTILISER ellen? | ellen-tampon.ch","robots":{"index":"index","follow":"follow","max-snippet":"max-snippet:-1","max-image-preview":"max-image-preview:large","max-video-preview":"max-video-preview:-1"},"canonical":"https:\/\/www.ellen-tampon.ch\/fr\/utilisation\/quel-moment-faut-il-utiliser-ellen\/","og_locale":"fr_FR","og_type":"article","og_title":"A QUEL MOMENT FAUT-IL UTILISER ellen? | ellen-tampon.ch","og_description":"ellen Probiotic Tampon est une protection contre le flux menstruel comme tout autre tampon et devrait de ce fait \u00eatre utilis\u00e9 uniquement durant la menstruation. Les lactobacilles pr\u00e9sents dans ellen seront lib\u00e9r\u00e9s uniquement par la temp\u00e9rature corporelle et la pr\u00e9sence d\u2019une humidit\u00e9 suffisante. Ils vont ensuite se fixer dans le vagin et r\u00e9gulariser sa flore. [&hellip;]","og_url":"https:\/\/www.ellen-tampon.ch\/fr\/utilisation\/quel-moment-faut-il-utiliser-ellen\/","og_site_name":"ellen-tampon.ch","article_modified_time":"2022-02-16T01:02:14+00:00","twitter_card":"summary_large_image","twitter_misc":{"Dur\u00e9e de lecture estim\u00e9e":"1 minute"},"schema":{"@context":"https:\/\/schema.org","@graph":[{"@type":"WebPage","@id":"https:\/\/www.ellen-tampon.ch\/fr\/utilisation\/quel-moment-faut-il-utiliser-ellen\/","url":"https:\/\/www.ellen-tampon.ch\/fr\/utilisation\/quel-moment-faut-il-utiliser-ellen\/","name":"A QUEL MOMENT FAUT-IL UTILISER ellen? | ellen-tampon.ch","isPartOf":{"@id":"https:\/\/www.ellen-tampon.ch\/#website"},"datePublished":"2021-05-14T08:17:47+00:00","dateModified":"2022-02-16T01:02:14+00:00","breadcrumb":{"@id":"https:\/\/www.ellen-tampon.ch\/fr\/utilisation\/quel-moment-faut-il-utiliser-ellen\/#breadcrumb"},"inLanguage":"fr-FR","potentialAction":[{"@type":"ReadAction","target":["https:\/\/www.ellen-tampon.ch\/fr\/utilisation\/quel-moment-faut-il-utiliser-ellen\/"]}]},{"@type":"BreadcrumbList","@id":"https:\/\/www.ellen-tampon.ch\/fr\/utilisation\/quel-moment-faut-il-utiliser-ellen\/#breadcrumb","itemListElement":[{"@type":"ListItem","position":1,"name":"Startseite","item":"https:\/\/www.ellen-tampon.ch\/fr\/"},{"@type":"ListItem","position":2,"name":"UTILISATION","item":"https:\/\/www.ellen-tampon.ch\/fr\/utilisation\/"},{"@type":"ListItem","position":3,"name":"A QUEL MOMENT FAUT-IL UTILISER ellen?"}]},{"@type":"WebSite","@id":"https:\/\/www.ellen-tampon.ch\/#website","url":"https:\/\/www.ellen-tampon.ch\/","name":"ellen-tampon.ch","description":"Tampon mit nat\u00fcrlichen Milchs\u00e4urebakterien","potentialAction":[{"@type":"SearchAction","target":{"@type":"EntryPoint","urlTemplate":"https:\/\/www.ellen-tampon.ch\/?s={search_term_string}"},"query-input":{"@type":"PropertyValueSpecification","valueRequired":true,"valueName":"search_term_string"}}],"inLanguage":"fr-FR"}]}},"_links":{"self":[{"href":"https:\/\/www.ellen-tampon.ch\/fr\/wp-json\/wp\/v2\/pages\/632","targetHints":{"allow":["GET"]}}],"collection":[{"href":"https:\/\/www.ellen-tampon.ch\/fr\/wp-json\/wp\/v2\/pages"}],"about":[{"href":"https:\/\/www.ellen-tampon.ch\/fr\/wp-json\/wp\/v2\/types\/page"}],"author":[{"embeddable":true,"href":"https:\/\/www.ellen-tampon.ch\/fr\/wp-json\/wp\/v2\/users\/1"}],"replies":[{"embeddable":true,"href":"https:\/\/www.ellen-tampon.ch\/fr\/wp-json\/wp\/v2\/comments?post=632"}],"version-history":[{"count":4,"href":"https:\/\/www.ellen-tampon.ch\/fr\/wp-json\/wp\/v2\/pages\/632\/revisions"}],"predecessor-version":[{"id":1283,"href":"https:\/\/www.ellen-tampon.ch\/fr\/wp-json\/wp\/v2\/pages\/632\/revisions\/1283"}],"up":[{"embeddable":true,"href":"https:\/\/www.ellen-tampon.ch\/fr\/wp-json\/wp\/v2\/pages\/627"}],"wp:attachment":[{"href":"https:\/\/www.ellen-tampon.ch\/fr\/wp-json\/wp\/v2\/media?parent=632"}],"curies":[{"name":"wp","href":"https:\/\/api.w.org\/{rel}","templated":true}]}}