{"id":627,"date":"2021-05-14T08:10:17","date_gmt":"2021-05-14T08:10:17","guid":{"rendered":"https:\/\/www.ellen-tampon.ch\/utilisation\/"},"modified":"2021-05-17T06:28:12","modified_gmt":"2021-05-17T06:28:12","slug":"utilisation","status":"publish","type":"page","link":"https:\/\/www.ellen-tampon.ch\/fr\/utilisation\/","title":{"rendered":"UTILISATION"},"content":{"rendered":"\n<p>Vous pouvez utilisez ellen\u00ae comme un tampon normal. Une utilisation r\u00e9guli\u00e8re des tampons ellen\u00ae influe positivement sur la sant\u00e9 intime. Pour retrouver une flore vaginale en bonne sant\u00e9, nous vous recommandons d\u2019utiliser ellen\u00ae \u00e0 chaque fois durant toute la menstruation. Les lactobacilles pr\u00e9sentes dans les tampons ellen\u00ae sont autor\u00e9gulatrices et ne peuvent de ce fait pas \u00eatre surdos\u00e9es.<\/p>\n\n\n\n<p>Sur la notice d\u2019emballage, incluse dans chaque bo\u00eete, vous trouverez les informations n\u00e9cessaires concernant la mise en place et le retrait du tampon. Vous pouvez \u00e9galement <a href=\"https:\/\/www.ellen-tampon.ch\/fr\/zone-de-telechargement\/\">t\u00e9l\u00e9charger<\/a> ces m\u00eames informations.<\/p>\n\n\n\n<p><\/p>\n","protected":false},"excerpt":{"rendered":"<p>Vous pouvez utilisez ellen\u00ae comme un tampon normal. Une utilisation r\u00e9guli\u00e8re des tampons ellen\u00ae influe positivement sur la sant\u00e9 intime. Pour retrouver une flore vaginale en bonne sant\u00e9, nous vous recommandons d\u2019utiliser ellen\u00ae \u00e0 chaque fois durant toute la menstruation. Les lactobacilles pr\u00e9sentes dans les tampons ellen\u00ae sont autor\u00e9gulatrices et ne peuvent de ce fait [&hellip;]<\/p>\n","protected":false},"author":1,"featured_media":0,"parent":0,"menu_order":0,"comment_status":"closed","ping_status":"closed","template":"","meta":{"_acf_changed":false,"footnotes":""},"class_list":["post-627","page","type-page","status-publish","hentry"],"acf":[],"yoast_head":"<!-- This site is optimized with the Yoast SEO plugin v24.1 - https:\/\/yoast.com\/wordpress\/plugins\/seo\/ -->\n<title>UTILISATION | ellen-tampon.ch<\/title>\n<meta name=\"robots\" content=\"index, follow, max-snippet:-1, max-image-preview:large, max-video-preview:-1\" \/>\n<link rel=\"canonical\" href=\"https:\/\/www.ellen-tampon.ch\/fr\/utilisation\/\" \/>\n<meta property=\"og:locale\" content=\"fr_FR\" \/>\n<meta property=\"og:type\" content=\"article\" \/>\n<meta property=\"og:title\" content=\"UTILISATION | ellen-tampon.ch\" \/>\n<meta property=\"og:description\" content=\"Vous pouvez utilisez ellen\u00ae comme un tampon normal. Une utilisation r\u00e9guli\u00e8re des tampons ellen\u00ae influe positivement sur la sant\u00e9 intime. Pour retrouver une flore vaginale en bonne sant\u00e9, nous vous recommandons d\u2019utiliser ellen\u00ae \u00e0 chaque fois durant toute la menstruation. Les lactobacilles pr\u00e9sentes dans les tampons ellen\u00ae sont autor\u00e9gulatrices et ne peuvent de ce fait [&hellip;]\" \/>\n<meta property=\"og:url\" content=\"https:\/\/www.ellen-tampon.ch\/fr\/utilisation\/\" \/>\n<meta property=\"og:site_name\" content=\"ellen-tampon.ch\" \/>\n<meta property=\"article:modified_time\" content=\"2021-05-17T06:28:12+00:00\" \/>\n<meta name=\"twitter:card\" content=\"summary_large_image\" \/>\n<meta name=\"twitter:label1\" content=\"Dur\u00e9e de lecture estim\u00e9e\" \/>\n\t<meta name=\"twitter:data1\" content=\"1 minute\" \/>\n<script type=\"application\/ld+json\" class=\"yoast-schema-graph\">{\"@context\":\"https:\/\/schema.org\",\"@graph\":[{\"@type\":\"WebPage\",\"@id\":\"https:\/\/www.ellen-tampon.ch\/fr\/utilisation\/\",\"url\":\"https:\/\/www.ellen-tampon.ch\/fr\/utilisation\/\",\"name\":\"UTILISATION | ellen-tampon.ch\",\"isPartOf\":{\"@id\":\"https:\/\/www.ellen-tampon.ch\/#website\"},\"datePublished\":\"2021-05-14T08:10:17+00:00\",\"dateModified\":\"2021-05-17T06:28:12+00:00\",\"breadcrumb\":{\"@id\":\"https:\/\/www.ellen-tampon.ch\/fr\/utilisation\/#breadcrumb\"},\"inLanguage\":\"fr-FR\",\"potentialAction\":[{\"@type\":\"ReadAction\",\"target\":[\"https:\/\/www.ellen-tampon.ch\/fr\/utilisation\/\"]}]},{\"@type\":\"BreadcrumbList\",\"@id\":\"https:\/\/www.ellen-tampon.ch\/fr\/utilisation\/#breadcrumb\",\"itemListElement\":[{\"@type\":\"ListItem\",\"position\":1,\"name\":\"Startseite\",\"item\":\"https:\/\/www.ellen-tampon.ch\/fr\/\"},{\"@type\":\"ListItem\",\"position\":2,\"name\":\"UTILISATION\"}]},{\"@type\":\"WebSite\",\"@id\":\"https:\/\/www.ellen-tampon.ch\/#website\",\"url\":\"https:\/\/www.ellen-tampon.ch\/\",\"name\":\"ellen-tampon.ch\",\"description\":\"Tampon mit nat\u00fcrlichen Milchs\u00e4urebakterien\",\"potentialAction\":[{\"@type\":\"SearchAction\",\"target\":{\"@type\":\"EntryPoint\",\"urlTemplate\":\"https:\/\/www.ellen-tampon.ch\/?s={search_term_string}\"},\"query-input\":{\"@type\":\"PropertyValueSpecification\",\"valueRequired\":true,\"valueName\":\"search_term_string\"}}],\"inLanguage\":\"fr-FR\"}]}<\/script>\n<!-- \/ Yoast SEO plugin. -->","yoast_head_json":{"title":"UTILISATION | ellen-tampon.ch","robots":{"index":"index","follow":"follow","max-snippet":"max-snippet:-1","max-image-preview":"max-image-preview:large","max-video-preview":"max-video-preview:-1"},"canonical":"https:\/\/www.ellen-tampon.ch\/fr\/utilisation\/","og_locale":"fr_FR","og_type":"article","og_title":"UTILISATION | ellen-tampon.ch","og_description":"Vous pouvez utilisez ellen\u00ae comme un tampon normal. Une utilisation r\u00e9guli\u00e8re des tampons ellen\u00ae influe positivement sur la sant\u00e9 intime. Pour retrouver une flore vaginale en bonne sant\u00e9, nous vous recommandons d\u2019utiliser ellen\u00ae \u00e0 chaque fois durant toute la menstruation. Les lactobacilles pr\u00e9sentes dans les tampons ellen\u00ae sont autor\u00e9gulatrices et ne peuvent de ce fait [&hellip;]","og_url":"https:\/\/www.ellen-tampon.ch\/fr\/utilisation\/","og_site_name":"ellen-tampon.ch","article_modified_time":"2021-05-17T06:28:12+00:00","twitter_card":"summary_large_image","twitter_misc":{"Dur\u00e9e de lecture estim\u00e9e":"1 minute"},"schema":{"@context":"https:\/\/schema.org","@graph":[{"@type":"WebPage","@id":"https:\/\/www.ellen-tampon.ch\/fr\/utilisation\/","url":"https:\/\/www.ellen-tampon.ch\/fr\/utilisation\/","name":"UTILISATION | ellen-tampon.ch","isPartOf":{"@id":"https:\/\/www.ellen-tampon.ch\/#website"},"datePublished":"2021-05-14T08:10:17+00:00","dateModified":"2021-05-17T06:28:12+00:00","breadcrumb":{"@id":"https:\/\/www.ellen-tampon.ch\/fr\/utilisation\/#breadcrumb"},"inLanguage":"fr-FR","potentialAction":[{"@type":"ReadAction","target":["https:\/\/www.ellen-tampon.ch\/fr\/utilisation\/"]}]},{"@type":"BreadcrumbList","@id":"https:\/\/www.ellen-tampon.ch\/fr\/utilisation\/#breadcrumb","itemListElement":[{"@type":"ListItem","position":1,"name":"Startseite","item":"https:\/\/www.ellen-tampon.ch\/fr\/"},{"@type":"ListItem","position":2,"name":"UTILISATION"}]},{"@type":"WebSite","@id":"https:\/\/www.ellen-tampon.ch\/#website","url":"https:\/\/www.ellen-tampon.ch\/","name":"ellen-tampon.ch","description":"Tampon mit nat\u00fcrlichen Milchs\u00e4urebakterien","potentialAction":[{"@type":"SearchAction","target":{"@type":"EntryPoint","urlTemplate":"https:\/\/www.ellen-tampon.ch\/?s={search_term_string}"},"query-input":{"@type":"PropertyValueSpecification","valueRequired":true,"valueName":"search_term_string"}}],"inLanguage":"fr-FR"}]}},"_links":{"self":[{"href":"https:\/\/www.ellen-tampon.ch\/fr\/wp-json\/wp\/v2\/pages\/627","targetHints":{"allow":["GET"]}}],"collection":[{"href":"https:\/\/www.ellen-tampon.ch\/fr\/wp-json\/wp\/v2\/pages"}],"about":[{"href":"https:\/\/www.ellen-tampon.ch\/fr\/wp-json\/wp\/v2\/types\/page"}],"author":[{"embeddable":true,"href":"https:\/\/www.ellen-tampon.ch\/fr\/wp-json\/wp\/v2\/users\/1"}],"replies":[{"embeddable":true,"href":"https:\/\/www.ellen-tampon.ch\/fr\/wp-json\/wp\/v2\/comments?post=627"}],"version-history":[{"count":5,"href":"https:\/\/www.ellen-tampon.ch\/fr\/wp-json\/wp\/v2\/pages\/627\/revisions"}],"predecessor-version":[{"id":1080,"href":"https:\/\/www.ellen-tampon.ch\/fr\/wp-json\/wp\/v2\/pages\/627\/revisions\/1080"}],"wp:attachment":[{"href":"https:\/\/www.ellen-tampon.ch\/fr\/wp-json\/wp\/v2\/media?parent=627"}],"curies":[{"name":"wp","href":"https:\/\/api.w.org\/{rel}","templated":true}]}}