{"id":623,"date":"2021-05-14T08:06:15","date_gmt":"2021-05-14T08:06:15","guid":{"rendered":"https:\/\/www.ellen-tampon.ch\/probiotika\/"},"modified":"2022-02-22T01:40:03","modified_gmt":"2022-02-22T01:40:03","slug":"probiotic","status":"publish","type":"page","link":"https:\/\/www.ellen-tampon.ch\/fr\/action\/probiotic\/","title":{"rendered":"Probiotic"},"content":{"rendered":"\n<p>Le terme \u00ab probiotique \u00bb vient du grec et signifie \u00ab pour la vie \u00bb. La d\u00e9finition \u00ab probiotic \u00bb implique des microorganismes vivants qui ont, s\u2019ils sont absorb\u00e9s en quantit\u00e9 suffisante, une influence positive par rapport \u00e0 la sant\u00e9 de l\u2019organisme de leur h\u00f4te. La plupart des probiotiques sont des micro-organismes qui se trouvent dans la nature et qui ont \u00e9t\u00e9 choisis par rapport \u00e0 l\u2019exp\u00e9rience pratique. Leur utilisation est s\u00fbre. Bien des aliments ferment\u00e9s contiennent des microorganismes probiotiques. La plupart de ces probiotiques font partie du groupe des bact\u00e9ries de l\u2019acide lactique. Les bact\u00e9ries probiotiques les plus commercialis\u00e9es sont les souches des lactobacilles de bact\u00e9ries bifidus.<\/p>\n\n\n\n<p>L\u2019\u00eatre humain est colonis\u00e9 depuis sa naissance par des microorganismes, il est justifi\u00e9 d\u2019utiliser des probiotiques qui forment la flore naturelle du corps humain.<\/p>\n\n\n\n<p>Des lactobacilles se trouvent naturellement dans un vagin en bonne sant\u00e9 et la prot\u00e8gent par diff\u00e9rents m\u00e9canismes, il est justifi\u00e9 d\u2019en r\u00e9introduire en cas de carence.<\/p>\n\n\n\n<p>ellen Probiotic Tampon est un tampon qui contient des lactobacilles et qui a \u00e9t\u00e9 \u00e9labor\u00e9 pour am\u00e9liorer la flore naturelle dans le vagin durant la menstruation.<\/p>\n","protected":false},"excerpt":{"rendered":"<p>Le terme \u00ab probiotique \u00bb vient du grec et signifie \u00ab pour la vie \u00bb. La d\u00e9finition \u00ab probiotic \u00bb implique des microorganismes vivants qui ont, s\u2019ils sont absorb\u00e9s en quantit\u00e9 suffisante, une influence positive par rapport \u00e0 la sant\u00e9 de l\u2019organisme de leur h\u00f4te. La plupart des probiotiques sont des micro-organismes qui se trouvent [&hellip;]<\/p>\n","protected":false},"author":1,"featured_media":0,"parent":613,"menu_order":0,"comment_status":"closed","ping_status":"closed","template":"","meta":{"_acf_changed":false,"footnotes":""},"class_list":["post-623","page","type-page","status-publish","hentry"],"acf":[],"yoast_head":"<!-- This site is optimized with the Yoast SEO plugin v24.1 - https:\/\/yoast.com\/wordpress\/plugins\/seo\/ -->\n<title>Probiotic | ellen-tampon.ch<\/title>\n<meta name=\"robots\" content=\"index, follow, max-snippet:-1, max-image-preview:large, max-video-preview:-1\" \/>\n<link rel=\"canonical\" href=\"https:\/\/www.ellen-tampon.ch\/fr\/action\/probiotic\/\" \/>\n<meta property=\"og:locale\" content=\"fr_FR\" \/>\n<meta property=\"og:type\" content=\"article\" \/>\n<meta property=\"og:title\" content=\"Probiotic | ellen-tampon.ch\" \/>\n<meta property=\"og:description\" content=\"Le terme \u00ab probiotique \u00bb vient du grec et signifie \u00ab pour la vie \u00bb. La d\u00e9finition \u00ab probiotic \u00bb implique des microorganismes vivants qui ont, s\u2019ils sont absorb\u00e9s en quantit\u00e9 suffisante, une influence positive par rapport \u00e0 la sant\u00e9 de l\u2019organisme de leur h\u00f4te. La plupart des probiotiques sont des micro-organismes qui se trouvent [&hellip;]\" \/>\n<meta property=\"og:url\" content=\"https:\/\/www.ellen-tampon.ch\/fr\/action\/probiotic\/\" \/>\n<meta property=\"og:site_name\" content=\"ellen-tampon.ch\" \/>\n<meta property=\"article:modified_time\" content=\"2022-02-22T01:40:03+00:00\" \/>\n<meta name=\"twitter:card\" content=\"summary_large_image\" \/>\n<meta name=\"twitter:label1\" content=\"Dur\u00e9e de lecture estim\u00e9e\" \/>\n\t<meta name=\"twitter:data1\" content=\"1 minute\" \/>\n<script type=\"application\/ld+json\" class=\"yoast-schema-graph\">{\"@context\":\"https:\/\/schema.org\",\"@graph\":[{\"@type\":\"WebPage\",\"@id\":\"https:\/\/www.ellen-tampon.ch\/fr\/action\/probiotic\/\",\"url\":\"https:\/\/www.ellen-tampon.ch\/fr\/action\/probiotic\/\",\"name\":\"Probiotic | ellen-tampon.ch\",\"isPartOf\":{\"@id\":\"https:\/\/www.ellen-tampon.ch\/#website\"},\"datePublished\":\"2021-05-14T08:06:15+00:00\",\"dateModified\":\"2022-02-22T01:40:03+00:00\",\"breadcrumb\":{\"@id\":\"https:\/\/www.ellen-tampon.ch\/fr\/action\/probiotic\/#breadcrumb\"},\"inLanguage\":\"fr-FR\",\"potentialAction\":[{\"@type\":\"ReadAction\",\"target\":[\"https:\/\/www.ellen-tampon.ch\/fr\/action\/probiotic\/\"]}]},{\"@type\":\"BreadcrumbList\",\"@id\":\"https:\/\/www.ellen-tampon.ch\/fr\/action\/probiotic\/#breadcrumb\",\"itemListElement\":[{\"@type\":\"ListItem\",\"position\":1,\"name\":\"Startseite\",\"item\":\"https:\/\/www.ellen-tampon.ch\/fr\/\"},{\"@type\":\"ListItem\",\"position\":2,\"name\":\"Action\",\"item\":\"https:\/\/www.ellen-tampon.ch\/fr\/action\/\"},{\"@type\":\"ListItem\",\"position\":3,\"name\":\"Probiotic\"}]},{\"@type\":\"WebSite\",\"@id\":\"https:\/\/www.ellen-tampon.ch\/#website\",\"url\":\"https:\/\/www.ellen-tampon.ch\/\",\"name\":\"ellen-tampon.ch\",\"description\":\"Tampon mit nat\u00fcrlichen Milchs\u00e4urebakterien\",\"potentialAction\":[{\"@type\":\"SearchAction\",\"target\":{\"@type\":\"EntryPoint\",\"urlTemplate\":\"https:\/\/www.ellen-tampon.ch\/?s={search_term_string}\"},\"query-input\":{\"@type\":\"PropertyValueSpecification\",\"valueRequired\":true,\"valueName\":\"search_term_string\"}}],\"inLanguage\":\"fr-FR\"}]}<\/script>\n<!-- \/ Yoast SEO plugin. -->","yoast_head_json":{"title":"Probiotic | ellen-tampon.ch","robots":{"index":"index","follow":"follow","max-snippet":"max-snippet:-1","max-image-preview":"max-image-preview:large","max-video-preview":"max-video-preview:-1"},"canonical":"https:\/\/www.ellen-tampon.ch\/fr\/action\/probiotic\/","og_locale":"fr_FR","og_type":"article","og_title":"Probiotic | ellen-tampon.ch","og_description":"Le terme \u00ab probiotique \u00bb vient du grec et signifie \u00ab pour la vie \u00bb. La d\u00e9finition \u00ab probiotic \u00bb implique des microorganismes vivants qui ont, s\u2019ils sont absorb\u00e9s en quantit\u00e9 suffisante, une influence positive par rapport \u00e0 la sant\u00e9 de l\u2019organisme de leur h\u00f4te. La plupart des probiotiques sont des micro-organismes qui se trouvent [&hellip;]","og_url":"https:\/\/www.ellen-tampon.ch\/fr\/action\/probiotic\/","og_site_name":"ellen-tampon.ch","article_modified_time":"2022-02-22T01:40:03+00:00","twitter_card":"summary_large_image","twitter_misc":{"Dur\u00e9e de lecture estim\u00e9e":"1 minute"},"schema":{"@context":"https:\/\/schema.org","@graph":[{"@type":"WebPage","@id":"https:\/\/www.ellen-tampon.ch\/fr\/action\/probiotic\/","url":"https:\/\/www.ellen-tampon.ch\/fr\/action\/probiotic\/","name":"Probiotic | ellen-tampon.ch","isPartOf":{"@id":"https:\/\/www.ellen-tampon.ch\/#website"},"datePublished":"2021-05-14T08:06:15+00:00","dateModified":"2022-02-22T01:40:03+00:00","breadcrumb":{"@id":"https:\/\/www.ellen-tampon.ch\/fr\/action\/probiotic\/#breadcrumb"},"inLanguage":"fr-FR","potentialAction":[{"@type":"ReadAction","target":["https:\/\/www.ellen-tampon.ch\/fr\/action\/probiotic\/"]}]},{"@type":"BreadcrumbList","@id":"https:\/\/www.ellen-tampon.ch\/fr\/action\/probiotic\/#breadcrumb","itemListElement":[{"@type":"ListItem","position":1,"name":"Startseite","item":"https:\/\/www.ellen-tampon.ch\/fr\/"},{"@type":"ListItem","position":2,"name":"Action","item":"https:\/\/www.ellen-tampon.ch\/fr\/action\/"},{"@type":"ListItem","position":3,"name":"Probiotic"}]},{"@type":"WebSite","@id":"https:\/\/www.ellen-tampon.ch\/#website","url":"https:\/\/www.ellen-tampon.ch\/","name":"ellen-tampon.ch","description":"Tampon mit nat\u00fcrlichen Milchs\u00e4urebakterien","potentialAction":[{"@type":"SearchAction","target":{"@type":"EntryPoint","urlTemplate":"https:\/\/www.ellen-tampon.ch\/?s={search_term_string}"},"query-input":{"@type":"PropertyValueSpecification","valueRequired":true,"valueName":"search_term_string"}}],"inLanguage":"fr-FR"}]}},"_links":{"self":[{"href":"https:\/\/www.ellen-tampon.ch\/fr\/wp-json\/wp\/v2\/pages\/623","targetHints":{"allow":["GET"]}}],"collection":[{"href":"https:\/\/www.ellen-tampon.ch\/fr\/wp-json\/wp\/v2\/pages"}],"about":[{"href":"https:\/\/www.ellen-tampon.ch\/fr\/wp-json\/wp\/v2\/types\/page"}],"author":[{"embeddable":true,"href":"https:\/\/www.ellen-tampon.ch\/fr\/wp-json\/wp\/v2\/users\/1"}],"replies":[{"embeddable":true,"href":"https:\/\/www.ellen-tampon.ch\/fr\/wp-json\/wp\/v2\/comments?post=623"}],"version-history":[{"count":4,"href":"https:\/\/www.ellen-tampon.ch\/fr\/wp-json\/wp\/v2\/pages\/623\/revisions"}],"predecessor-version":[{"id":1367,"href":"https:\/\/www.ellen-tampon.ch\/fr\/wp-json\/wp\/v2\/pages\/623\/revisions\/1367"}],"up":[{"embeddable":true,"href":"https:\/\/www.ellen-tampon.ch\/fr\/wp-json\/wp\/v2\/pages\/613"}],"wp:attachment":[{"href":"https:\/\/www.ellen-tampon.ch\/fr\/wp-json\/wp\/v2\/media?parent=623"}],"curies":[{"name":"wp","href":"https:\/\/api.w.org\/{rel}","templated":true}]}}