{"id":613,"date":"2021-05-14T06:54:37","date_gmt":"2021-05-14T06:54:37","guid":{"rendered":"https:\/\/www.ellen-tampon.ch\/action\/"},"modified":"2022-02-16T00:57:56","modified_gmt":"2022-02-16T00:57:56","slug":"action","status":"publish","type":"page","link":"https:\/\/www.ellen-tampon.ch\/fr\/action\/","title":{"rendered":"Action"},"content":{"rendered":"\n<p>ellen prot\u00e8ge aussi efficacement qu\u2019un tampon normal. La combinaison probiotique patent\u00e9e dans le noyau du tampon cr\u00e9e des conditions optimales dans le vagin qui seront maintenues durant tout le cycle. LN\u00ae (Lacto Naturel), un m\u00e9lange de bact\u00e9ries sp\u00e9cifiques est introduit dans le noyau du tampon. Elles produisent de l\u2019acide lactique. Une fois que le tampon introduit dans le vagin a atteint la temp\u00e9rature corporelle, la substance de support (graisse v\u00e9g\u00e9tale durcie) dans laquelle le probiotic LN\u00ae a \u00e9t\u00e9 ins\u00e9r\u00e9, se solubilise. Les bact\u00e9ries probiotiques LN\u00ae s\u2019activent et se fixent sur la flore vaginale. Gr\u00e2ce \u00e0 l\u2019acide lactique produite par les bact\u00e9ries LN\u00ae la valeur du pH dans le vagin sera pr\u00e9serv\u00e9e et les barri\u00e8res naturelles contre les infections maintenues.<\/p>\n","protected":false},"excerpt":{"rendered":"<p>ellen prot\u00e8ge aussi efficacement qu\u2019un tampon normal. La combinaison probiotique patent\u00e9e dans le noyau du tampon cr\u00e9e des conditions optimales dans le vagin qui seront maintenues durant tout le cycle. LN\u00ae (Lacto Naturel), un m\u00e9lange de bact\u00e9ries sp\u00e9cifiques est introduit dans le noyau du tampon. Elles produisent de l\u2019acide lactique. Une fois que le tampon [&hellip;]<\/p>\n","protected":false},"author":1,"featured_media":0,"parent":0,"menu_order":0,"comment_status":"closed","ping_status":"closed","template":"","meta":{"_acf_changed":false,"footnotes":""},"class_list":["post-613","page","type-page","status-publish","hentry"],"acf":[],"yoast_head":"<!-- This site is optimized with the Yoast SEO plugin v24.1 - https:\/\/yoast.com\/wordpress\/plugins\/seo\/ -->\n<title>Action | ellen-tampon.ch<\/title>\n<meta name=\"robots\" content=\"index, follow, max-snippet:-1, max-image-preview:large, max-video-preview:-1\" \/>\n<link rel=\"canonical\" href=\"https:\/\/www.ellen-tampon.ch\/fr\/action\/\" \/>\n<meta property=\"og:locale\" content=\"fr_FR\" \/>\n<meta property=\"og:type\" content=\"article\" \/>\n<meta property=\"og:title\" content=\"Action | ellen-tampon.ch\" \/>\n<meta property=\"og:description\" content=\"ellen prot\u00e8ge aussi efficacement qu\u2019un tampon normal. La combinaison probiotique patent\u00e9e dans le noyau du tampon cr\u00e9e des conditions optimales dans le vagin qui seront maintenues durant tout le cycle. LN\u00ae (Lacto Naturel), un m\u00e9lange de bact\u00e9ries sp\u00e9cifiques est introduit dans le noyau du tampon. Elles produisent de l\u2019acide lactique. Une fois que le tampon [&hellip;]\" \/>\n<meta property=\"og:url\" content=\"https:\/\/www.ellen-tampon.ch\/fr\/action\/\" \/>\n<meta property=\"og:site_name\" content=\"ellen-tampon.ch\" \/>\n<meta property=\"article:modified_time\" content=\"2022-02-16T00:57:56+00:00\" \/>\n<meta name=\"twitter:card\" content=\"summary_large_image\" \/>\n<meta name=\"twitter:label1\" content=\"Dur\u00e9e de lecture estim\u00e9e\" \/>\n\t<meta name=\"twitter:data1\" content=\"1 minute\" \/>\n<script type=\"application\/ld+json\" class=\"yoast-schema-graph\">{\"@context\":\"https:\/\/schema.org\",\"@graph\":[{\"@type\":\"WebPage\",\"@id\":\"https:\/\/www.ellen-tampon.ch\/fr\/action\/\",\"url\":\"https:\/\/www.ellen-tampon.ch\/fr\/action\/\",\"name\":\"Action | ellen-tampon.ch\",\"isPartOf\":{\"@id\":\"https:\/\/www.ellen-tampon.ch\/#website\"},\"datePublished\":\"2021-05-14T06:54:37+00:00\",\"dateModified\":\"2022-02-16T00:57:56+00:00\",\"breadcrumb\":{\"@id\":\"https:\/\/www.ellen-tampon.ch\/fr\/action\/#breadcrumb\"},\"inLanguage\":\"fr-FR\",\"potentialAction\":[{\"@type\":\"ReadAction\",\"target\":[\"https:\/\/www.ellen-tampon.ch\/fr\/action\/\"]}]},{\"@type\":\"BreadcrumbList\",\"@id\":\"https:\/\/www.ellen-tampon.ch\/fr\/action\/#breadcrumb\",\"itemListElement\":[{\"@type\":\"ListItem\",\"position\":1,\"name\":\"Startseite\",\"item\":\"https:\/\/www.ellen-tampon.ch\/fr\/\"},{\"@type\":\"ListItem\",\"position\":2,\"name\":\"Action\"}]},{\"@type\":\"WebSite\",\"@id\":\"https:\/\/www.ellen-tampon.ch\/#website\",\"url\":\"https:\/\/www.ellen-tampon.ch\/\",\"name\":\"ellen-tampon.ch\",\"description\":\"Tampon mit nat\u00fcrlichen Milchs\u00e4urebakterien\",\"potentialAction\":[{\"@type\":\"SearchAction\",\"target\":{\"@type\":\"EntryPoint\",\"urlTemplate\":\"https:\/\/www.ellen-tampon.ch\/?s={search_term_string}\"},\"query-input\":{\"@type\":\"PropertyValueSpecification\",\"valueRequired\":true,\"valueName\":\"search_term_string\"}}],\"inLanguage\":\"fr-FR\"}]}<\/script>\n<!-- \/ Yoast SEO plugin. -->","yoast_head_json":{"title":"Action | ellen-tampon.ch","robots":{"index":"index","follow":"follow","max-snippet":"max-snippet:-1","max-image-preview":"max-image-preview:large","max-video-preview":"max-video-preview:-1"},"canonical":"https:\/\/www.ellen-tampon.ch\/fr\/action\/","og_locale":"fr_FR","og_type":"article","og_title":"Action | ellen-tampon.ch","og_description":"ellen prot\u00e8ge aussi efficacement qu\u2019un tampon normal. La combinaison probiotique patent\u00e9e dans le noyau du tampon cr\u00e9e des conditions optimales dans le vagin qui seront maintenues durant tout le cycle. LN\u00ae (Lacto Naturel), un m\u00e9lange de bact\u00e9ries sp\u00e9cifiques est introduit dans le noyau du tampon. Elles produisent de l\u2019acide lactique. Une fois que le tampon [&hellip;]","og_url":"https:\/\/www.ellen-tampon.ch\/fr\/action\/","og_site_name":"ellen-tampon.ch","article_modified_time":"2022-02-16T00:57:56+00:00","twitter_card":"summary_large_image","twitter_misc":{"Dur\u00e9e de lecture estim\u00e9e":"1 minute"},"schema":{"@context":"https:\/\/schema.org","@graph":[{"@type":"WebPage","@id":"https:\/\/www.ellen-tampon.ch\/fr\/action\/","url":"https:\/\/www.ellen-tampon.ch\/fr\/action\/","name":"Action | ellen-tampon.ch","isPartOf":{"@id":"https:\/\/www.ellen-tampon.ch\/#website"},"datePublished":"2021-05-14T06:54:37+00:00","dateModified":"2022-02-16T00:57:56+00:00","breadcrumb":{"@id":"https:\/\/www.ellen-tampon.ch\/fr\/action\/#breadcrumb"},"inLanguage":"fr-FR","potentialAction":[{"@type":"ReadAction","target":["https:\/\/www.ellen-tampon.ch\/fr\/action\/"]}]},{"@type":"BreadcrumbList","@id":"https:\/\/www.ellen-tampon.ch\/fr\/action\/#breadcrumb","itemListElement":[{"@type":"ListItem","position":1,"name":"Startseite","item":"https:\/\/www.ellen-tampon.ch\/fr\/"},{"@type":"ListItem","position":2,"name":"Action"}]},{"@type":"WebSite","@id":"https:\/\/www.ellen-tampon.ch\/#website","url":"https:\/\/www.ellen-tampon.ch\/","name":"ellen-tampon.ch","description":"Tampon mit nat\u00fcrlichen Milchs\u00e4urebakterien","potentialAction":[{"@type":"SearchAction","target":{"@type":"EntryPoint","urlTemplate":"https:\/\/www.ellen-tampon.ch\/?s={search_term_string}"},"query-input":{"@type":"PropertyValueSpecification","valueRequired":true,"valueName":"search_term_string"}}],"inLanguage":"fr-FR"}]}},"_links":{"self":[{"href":"https:\/\/www.ellen-tampon.ch\/fr\/wp-json\/wp\/v2\/pages\/613","targetHints":{"allow":["GET"]}}],"collection":[{"href":"https:\/\/www.ellen-tampon.ch\/fr\/wp-json\/wp\/v2\/pages"}],"about":[{"href":"https:\/\/www.ellen-tampon.ch\/fr\/wp-json\/wp\/v2\/types\/page"}],"author":[{"embeddable":true,"href":"https:\/\/www.ellen-tampon.ch\/fr\/wp-json\/wp\/v2\/users\/1"}],"replies":[{"embeddable":true,"href":"https:\/\/www.ellen-tampon.ch\/fr\/wp-json\/wp\/v2\/comments?post=613"}],"version-history":[{"count":3,"href":"https:\/\/www.ellen-tampon.ch\/fr\/wp-json\/wp\/v2\/pages\/613\/revisions"}],"predecessor-version":[{"id":1279,"href":"https:\/\/www.ellen-tampon.ch\/fr\/wp-json\/wp\/v2\/pages\/613\/revisions\/1279"}],"wp:attachment":[{"href":"https:\/\/www.ellen-tampon.ch\/fr\/wp-json\/wp\/v2\/media?parent=613"}],"curies":[{"name":"wp","href":"https:\/\/api.w.org\/{rel}","templated":true}]}}