{"id":589,"date":"2021-05-14T06:16:27","date_gmt":"2021-05-14T06:16:27","guid":{"rendered":"https:\/\/www.ellen-tampon.ch\/ca-cest-ellen\/"},"modified":"2022-02-11T13:52:57","modified_gmt":"2022-02-11T13:52:57","slug":"ca-cest-ellen","status":"publish","type":"page","link":"https:\/\/www.ellen-tampon.ch\/fr\/ca-cest-ellen\/","title":{"rendered":"\u00c7A C\u2019EST ellen"},"content":{"rendered":"\n<p>De nombreuses femmes souffrent d&rsquo;un d\u00e9s\u00e9quilibre de la flore vaginale.<br>ellen offre la solution. Les tampons sp\u00e9cialement con\u00e7us aident \u00e0 maintenir une flore intime \u00e9quilibr\u00e9e gr\u00e2ce \u00e0 l&rsquo;apport actif de lactobacilles naturels produits par l&rsquo;organisme. Cela permet d&rsquo;\u00e9viter l&rsquo;apparition d&rsquo;un d\u00e9s\u00e9quilibre bact\u00e9rien et, en cas d&rsquo;utilisation r\u00e9guli\u00e8re, de r\u00e9duire le risque de contracter une vaginose.<\/p>\n\n\n\n<p>ellen est compos\u00e9 d\u2019un noyau probiotic sp\u00e9cial. Les probiotiques ont l\u2019int\u00e9r\u00eat de pouvoir soutenir le corps en douceur dans la protection du syst\u00e8me immunitaire naturel. ellen \u00e9quilibre la flore vaginale. Il est extr\u00eamement important que le syst\u00e8me immunitaire fonctionne parfaitement dans la zone vaginale et que les infections n\u2019aient aucune chance de prolif\u00e9rer. Si vous vous int\u00e9ressez de savoir comment fonctionne ellen lisez la rubrique \u00ab\u00a0<a href=\"https:\/\/www.ellen-tampon.ch\/fr\/action\/\">action<\/a>\u00ab\u00a0.<\/p>\n\n\n\n<p>ellen probiotic tampon \u2013 le tampon qui fait plus depuis l\u2019int\u00e9rieur!<\/p>\n\n\n\n<figure class=\"wp-block-image size-full is-style-default\"><img loading=\"lazy\" decoding=\"async\" width=\"906\" height=\"384\" src=\"https:\/\/www.ellen-tampon.ch\/wp-content\/uploads\/2022\/02\/ellen-tampon-priobiotique.png\" alt=\"\" class=\"wp-image-1262\" srcset=\"https:\/\/www.ellen-tampon.ch\/wp-content\/uploads\/2022\/02\/ellen-tampon-priobiotique.png 906w, https:\/\/www.ellen-tampon.ch\/wp-content\/uploads\/2022\/02\/ellen-tampon-priobiotique-300x127.png 300w, https:\/\/www.ellen-tampon.ch\/wp-content\/uploads\/2022\/02\/ellen-tampon-priobiotique-768x326.png 768w, https:\/\/www.ellen-tampon.ch\/wp-content\/uploads\/2022\/02\/ellen-tampon-priobiotique-767x325.png 767w, https:\/\/www.ellen-tampon.ch\/wp-content\/uploads\/2022\/02\/ellen-tampon-priobiotique-510x216.png 510w, https:\/\/www.ellen-tampon.ch\/wp-content\/uploads\/2022\/02\/ellen-tampon-priobiotique-110x47.png 110w, https:\/\/www.ellen-tampon.ch\/wp-content\/uploads\/2022\/02\/ellen-tampon-priobiotique-250x106.png 250w, https:\/\/www.ellen-tampon.ch\/wp-content\/uploads\/2022\/02\/ellen-tampon-priobiotique-280x119.png 280w, https:\/\/www.ellen-tampon.ch\/wp-content\/uploads\/2022\/02\/ellen-tampon-priobiotique-600x254.png 600w, https:\/\/www.ellen-tampon.ch\/wp-content\/uploads\/2022\/02\/ellen-tampon-priobiotique-800x339.png 800w\" sizes=\"auto, (max-width: 906px) 100vw, 906px\" \/><\/figure>\n\n\n\n<h2 class=\"wp-block-heading\" id=\"ellen-est-il-sur\">ellen &#8211; est-il s\u00fbr ?<\/h2>\n\n\n\n<p>ellen est conforme aux directives 93\/42\/EWG du conseil europ\u00e9en du 14 juin 1993 sur les dispositifs m\u00e9dicaux et test\u00e9 selon le management du standard de risque ISO 14971:2007. ellen\u00ae est un produit conforme au normes CE de la classe III.<br><br>ellen correspond au Code of Practice de l\u2019European Disposables and Nonwovens Association (EDANA). Dans cette convention de fabriquant europ\u00e9en d\u2019articles hygi\u00e9niques sont d\u00e9finis par exemple la tol\u00e9rance des mat\u00e9riaux, la quantit\u00e9 d\u2019absorption standardis\u00e9e. ellen\u00ae absorbe une quantit\u00e9 de liquide identique et garantit la m\u00eame s\u00e9curit\u00e9 qu\u2019un tampon usuel exempt de probiotique. Bien \u00e9videmment toutes les prescriptions des \u00e9tapes de production d\u2019 ellen sont contr\u00f4l\u00e9 en permanence.<br>Tous les composants d\u2019 ellen ont \u00e9t\u00e9 examin\u00e9s concernant leur tol\u00e9rance.<br><br>Des \u00e9tudes de consommateur ont d\u00e9montr\u00e9s que l\u2019utilisation d\u2019 ellen est s\u00fbre. Des \u00e9tudes d\u00e9taill\u00e9es ainsi que des informations scientifiques sont \u00e0 votre disposition dans les  <a href=\"https:\/\/www.ellen-tampon.ch\/fr\/zone-de-telechargement\/\">zones de t\u00e9l\u00e9chargement<\/a>.<\/p>\n","protected":false},"excerpt":{"rendered":"<p>De nombreuses femmes souffrent d&rsquo;un d\u00e9s\u00e9quilibre de la flore vaginale.ellen offre la solution. Les tampons sp\u00e9cialement con\u00e7us aident \u00e0 maintenir une flore intime \u00e9quilibr\u00e9e gr\u00e2ce \u00e0 l&rsquo;apport actif de lactobacilles naturels produits par l&rsquo;organisme. Cela permet d&rsquo;\u00e9viter l&rsquo;apparition d&rsquo;un d\u00e9s\u00e9quilibre bact\u00e9rien et, en cas d&rsquo;utilisation r\u00e9guli\u00e8re, de r\u00e9duire le risque de contracter une vaginose. ellen [&hellip;]<\/p>\n","protected":false},"author":1,"featured_media":0,"parent":0,"menu_order":0,"comment_status":"closed","ping_status":"closed","template":"","meta":{"_acf_changed":false,"footnotes":""},"class_list":["post-589","page","type-page","status-publish","hentry"],"acf":[],"yoast_head":"<!-- This site is optimized with the Yoast SEO plugin v24.1 - https:\/\/yoast.com\/wordpress\/plugins\/seo\/ -->\n<title>\u00c7A C\u2019EST ellen | ellen-tampon.ch<\/title>\n<meta name=\"robots\" content=\"index, follow, max-snippet:-1, max-image-preview:large, max-video-preview:-1\" \/>\n<link rel=\"canonical\" href=\"https:\/\/www.ellen-tampon.ch\/fr\/ca-cest-ellen\/\" \/>\n<meta property=\"og:locale\" content=\"fr_FR\" \/>\n<meta property=\"og:type\" content=\"article\" \/>\n<meta property=\"og:title\" content=\"\u00c7A C\u2019EST ellen | ellen-tampon.ch\" \/>\n<meta property=\"og:description\" content=\"De nombreuses femmes souffrent d&rsquo;un d\u00e9s\u00e9quilibre de la flore vaginale.ellen offre la solution. Les tampons sp\u00e9cialement con\u00e7us aident \u00e0 maintenir une flore intime \u00e9quilibr\u00e9e gr\u00e2ce \u00e0 l&rsquo;apport actif de lactobacilles naturels produits par l&rsquo;organisme. Cela permet d&rsquo;\u00e9viter l&rsquo;apparition d&rsquo;un d\u00e9s\u00e9quilibre bact\u00e9rien et, en cas d&rsquo;utilisation r\u00e9guli\u00e8re, de r\u00e9duire le risque de contracter une vaginose. ellen [&hellip;]\" \/>\n<meta property=\"og:url\" content=\"https:\/\/www.ellen-tampon.ch\/fr\/ca-cest-ellen\/\" \/>\n<meta property=\"og:site_name\" content=\"ellen-tampon.ch\" \/>\n<meta property=\"article:modified_time\" content=\"2022-02-11T13:52:57+00:00\" \/>\n<meta property=\"og:image\" content=\"https:\/\/www.ellen-tampon.ch\/wp-content\/uploads\/2022\/02\/ellen-tampon-priobiotique.png\" \/>\n<meta name=\"twitter:card\" content=\"summary_large_image\" \/>\n<meta name=\"twitter:label1\" content=\"Dur\u00e9e de lecture estim\u00e9e\" \/>\n\t<meta name=\"twitter:data1\" content=\"2 minutes\" \/>\n<script type=\"application\/ld+json\" class=\"yoast-schema-graph\">{\"@context\":\"https:\/\/schema.org\",\"@graph\":[{\"@type\":\"WebPage\",\"@id\":\"https:\/\/www.ellen-tampon.ch\/fr\/ca-cest-ellen\/\",\"url\":\"https:\/\/www.ellen-tampon.ch\/fr\/ca-cest-ellen\/\",\"name\":\"\u00c7A C\u2019EST ellen | ellen-tampon.ch\",\"isPartOf\":{\"@id\":\"https:\/\/www.ellen-tampon.ch\/#website\"},\"primaryImageOfPage\":{\"@id\":\"https:\/\/www.ellen-tampon.ch\/fr\/ca-cest-ellen\/#primaryimage\"},\"image\":{\"@id\":\"https:\/\/www.ellen-tampon.ch\/fr\/ca-cest-ellen\/#primaryimage\"},\"thumbnailUrl\":\"https:\/\/www.ellen-tampon.ch\/wp-content\/uploads\/2022\/02\/ellen-tampon-priobiotique.png\",\"datePublished\":\"2021-05-14T06:16:27+00:00\",\"dateModified\":\"2022-02-11T13:52:57+00:00\",\"breadcrumb\":{\"@id\":\"https:\/\/www.ellen-tampon.ch\/fr\/ca-cest-ellen\/#breadcrumb\"},\"inLanguage\":\"fr-FR\",\"potentialAction\":[{\"@type\":\"ReadAction\",\"target\":[\"https:\/\/www.ellen-tampon.ch\/fr\/ca-cest-ellen\/\"]}]},{\"@type\":\"ImageObject\",\"inLanguage\":\"fr-FR\",\"@id\":\"https:\/\/www.ellen-tampon.ch\/fr\/ca-cest-ellen\/#primaryimage\",\"url\":\"https:\/\/www.ellen-tampon.ch\/wp-content\/uploads\/2022\/02\/ellen-tampon-priobiotique.png\",\"contentUrl\":\"https:\/\/www.ellen-tampon.ch\/wp-content\/uploads\/2022\/02\/ellen-tampon-priobiotique.png\"},{\"@type\":\"BreadcrumbList\",\"@id\":\"https:\/\/www.ellen-tampon.ch\/fr\/ca-cest-ellen\/#breadcrumb\",\"itemListElement\":[{\"@type\":\"ListItem\",\"position\":1,\"name\":\"Startseite\",\"item\":\"https:\/\/www.ellen-tampon.ch\/fr\/\"},{\"@type\":\"ListItem\",\"position\":2,\"name\":\"\u00c7A C\u2019EST ellen\"}]},{\"@type\":\"WebSite\",\"@id\":\"https:\/\/www.ellen-tampon.ch\/#website\",\"url\":\"https:\/\/www.ellen-tampon.ch\/\",\"name\":\"ellen-tampon.ch\",\"description\":\"Tampon mit nat\u00fcrlichen Milchs\u00e4urebakterien\",\"potentialAction\":[{\"@type\":\"SearchAction\",\"target\":{\"@type\":\"EntryPoint\",\"urlTemplate\":\"https:\/\/www.ellen-tampon.ch\/?s={search_term_string}\"},\"query-input\":{\"@type\":\"PropertyValueSpecification\",\"valueRequired\":true,\"valueName\":\"search_term_string\"}}],\"inLanguage\":\"fr-FR\"}]}<\/script>\n<!-- \/ Yoast SEO plugin. -->","yoast_head_json":{"title":"\u00c7A C\u2019EST ellen | ellen-tampon.ch","robots":{"index":"index","follow":"follow","max-snippet":"max-snippet:-1","max-image-preview":"max-image-preview:large","max-video-preview":"max-video-preview:-1"},"canonical":"https:\/\/www.ellen-tampon.ch\/fr\/ca-cest-ellen\/","og_locale":"fr_FR","og_type":"article","og_title":"\u00c7A C\u2019EST ellen | ellen-tampon.ch","og_description":"De nombreuses femmes souffrent d&rsquo;un d\u00e9s\u00e9quilibre de la flore vaginale.ellen offre la solution. Les tampons sp\u00e9cialement con\u00e7us aident \u00e0 maintenir une flore intime \u00e9quilibr\u00e9e gr\u00e2ce \u00e0 l&rsquo;apport actif de lactobacilles naturels produits par l&rsquo;organisme. Cela permet d&rsquo;\u00e9viter l&rsquo;apparition d&rsquo;un d\u00e9s\u00e9quilibre bact\u00e9rien et, en cas d&rsquo;utilisation r\u00e9guli\u00e8re, de r\u00e9duire le risque de contracter une vaginose. ellen [&hellip;]","og_url":"https:\/\/www.ellen-tampon.ch\/fr\/ca-cest-ellen\/","og_site_name":"ellen-tampon.ch","article_modified_time":"2022-02-11T13:52:57+00:00","og_image":[{"url":"https:\/\/www.ellen-tampon.ch\/wp-content\/uploads\/2022\/02\/ellen-tampon-priobiotique.png","type":"","width":"","height":""}],"twitter_card":"summary_large_image","twitter_misc":{"Dur\u00e9e de lecture estim\u00e9e":"2 minutes"},"schema":{"@context":"https:\/\/schema.org","@graph":[{"@type":"WebPage","@id":"https:\/\/www.ellen-tampon.ch\/fr\/ca-cest-ellen\/","url":"https:\/\/www.ellen-tampon.ch\/fr\/ca-cest-ellen\/","name":"\u00c7A C\u2019EST ellen | ellen-tampon.ch","isPartOf":{"@id":"https:\/\/www.ellen-tampon.ch\/#website"},"primaryImageOfPage":{"@id":"https:\/\/www.ellen-tampon.ch\/fr\/ca-cest-ellen\/#primaryimage"},"image":{"@id":"https:\/\/www.ellen-tampon.ch\/fr\/ca-cest-ellen\/#primaryimage"},"thumbnailUrl":"https:\/\/www.ellen-tampon.ch\/wp-content\/uploads\/2022\/02\/ellen-tampon-priobiotique.png","datePublished":"2021-05-14T06:16:27+00:00","dateModified":"2022-02-11T13:52:57+00:00","breadcrumb":{"@id":"https:\/\/www.ellen-tampon.ch\/fr\/ca-cest-ellen\/#breadcrumb"},"inLanguage":"fr-FR","potentialAction":[{"@type":"ReadAction","target":["https:\/\/www.ellen-tampon.ch\/fr\/ca-cest-ellen\/"]}]},{"@type":"ImageObject","inLanguage":"fr-FR","@id":"https:\/\/www.ellen-tampon.ch\/fr\/ca-cest-ellen\/#primaryimage","url":"https:\/\/www.ellen-tampon.ch\/wp-content\/uploads\/2022\/02\/ellen-tampon-priobiotique.png","contentUrl":"https:\/\/www.ellen-tampon.ch\/wp-content\/uploads\/2022\/02\/ellen-tampon-priobiotique.png"},{"@type":"BreadcrumbList","@id":"https:\/\/www.ellen-tampon.ch\/fr\/ca-cest-ellen\/#breadcrumb","itemListElement":[{"@type":"ListItem","position":1,"name":"Startseite","item":"https:\/\/www.ellen-tampon.ch\/fr\/"},{"@type":"ListItem","position":2,"name":"\u00c7A C\u2019EST ellen"}]},{"@type":"WebSite","@id":"https:\/\/www.ellen-tampon.ch\/#website","url":"https:\/\/www.ellen-tampon.ch\/","name":"ellen-tampon.ch","description":"Tampon mit nat\u00fcrlichen Milchs\u00e4urebakterien","potentialAction":[{"@type":"SearchAction","target":{"@type":"EntryPoint","urlTemplate":"https:\/\/www.ellen-tampon.ch\/?s={search_term_string}"},"query-input":{"@type":"PropertyValueSpecification","valueRequired":true,"valueName":"search_term_string"}}],"inLanguage":"fr-FR"}]}},"_links":{"self":[{"href":"https:\/\/www.ellen-tampon.ch\/fr\/wp-json\/wp\/v2\/pages\/589","targetHints":{"allow":["GET"]}}],"collection":[{"href":"https:\/\/www.ellen-tampon.ch\/fr\/wp-json\/wp\/v2\/pages"}],"about":[{"href":"https:\/\/www.ellen-tampon.ch\/fr\/wp-json\/wp\/v2\/types\/page"}],"author":[{"embeddable":true,"href":"https:\/\/www.ellen-tampon.ch\/fr\/wp-json\/wp\/v2\/users\/1"}],"replies":[{"embeddable":true,"href":"https:\/\/www.ellen-tampon.ch\/fr\/wp-json\/wp\/v2\/comments?post=589"}],"version-history":[{"count":25,"href":"https:\/\/www.ellen-tampon.ch\/fr\/wp-json\/wp\/v2\/pages\/589\/revisions"}],"predecessor-version":[{"id":1265,"href":"https:\/\/www.ellen-tampon.ch\/fr\/wp-json\/wp\/v2\/pages\/589\/revisions\/1265"}],"wp:attachment":[{"href":"https:\/\/www.ellen-tampon.ch\/fr\/wp-json\/wp\/v2\/media?parent=589"}],"curies":[{"name":"wp","href":"https:\/\/api.w.org\/{rel}","templated":true}]}}